{"id":13,"date":"2025-01-15T12:05:21","date_gmt":"2025-01-15T12:05:21","guid":{"rendered":"https:\/\/malmqvistspsychology.com\/varukorg\/"},"modified":"2025-05-27T09:56:01","modified_gmt":"2025-05-27T09:56:01","slug":"varukorg","status":"publish","type":"page","link":"https:\/\/malmqvistspsychology.com\/sv\/varukorg\/","title":{"rendered":"Varukorg"},"content":{"rendered":"<div data-block-name=\"woocommerce\/cart\" class=\"wp-block-woocommerce-cart alignwide is-loading\">\n<div data-block-name=\"woocommerce\/filled-cart-block\" class=\"wp-block-woocommerce-filled-cart-block\">\n<div data-block-name=\"woocommerce\/cart-items-block\" class=\"wp-block-woocommerce-cart-items-block\">\n<div data-block-name=\"woocommerce\/cart-line-items-block\" class=\"wp-block-woocommerce-cart-line-items-block\"><\/div>\n\n\n\n<div data-block-name=\"woocommerce\/cart-cross-sells-block\" class=\"wp-block-woocommerce-cart-cross-sells-block\">\n<h2 class=\"wp-block-heading has-large-font-size\">Du kanske \u00e4r intresserad av \u2026<\/h2>\n\n\n\n<div data-block-name=\"woocommerce\/cart-cross-sells-products-block\" class=\"wp-block-woocommerce-cart-cross-sells-products-block\"><\/div>\n<\/div>\n<\/div>\n\n\n\n<div data-block-name=\"woocommerce\/cart-totals-block\" class=\"wp-block-woocommerce-cart-totals-block\">\n<div data-block-name=\"woocommerce\/cart-order-summary-block\" class=\"wp-block-woocommerce-cart-order-summary-block\">\n<div data-block-name=\"woocommerce\/cart-order-summary-heading-block\" class=\"wp-block-woocommerce-cart-order-summary-heading-block\"><\/div><div data-block-name=\"woocommerce\/cart-order-summary-coupon-form-block\" class=\"wp-block-woocommerce-cart-order-summary-coupon-form-block\"><\/div><div data-block-name=\"woocommerce\/cart-order-summary-totals-block\" class=\"wp-block-woocommerce-cart-order-summary-totals-block\">\n<div data-block-name=\"woocommerce\/cart-order-summary-subtotal-block\" class=\"wp-block-woocommerce-cart-order-summary-subtotal-block\"><\/div>\n<div data-block-name=\"woocommerce\/cart-order-summary-discount-block\" class=\"wp-block-woocommerce-cart-order-summary-discount-block\"><\/div>\n<div data-block-name=\"woocommerce\/cart-order-summary-fee-block\" class=\"wp-block-woocommerce-cart-order-summary-fee-block\"><\/div>\n<div data-block-name=\"woocommerce\/cart-order-summary-shipping-block\" class=\"wp-block-woocommerce-cart-order-summary-shipping-block\"><\/div>\n<div data-block-name=\"woocommerce\/cart-order-summary-taxes-block\" class=\"wp-block-woocommerce-cart-order-summary-taxes-block\"><\/div><\/div>\n<\/div>\n\n\n\n<div data-block-name=\"woocommerce\/cart-express-payment-block\" class=\"wp-block-woocommerce-cart-express-payment-block\"><\/div>\n\n\n\n<div data-block-name=\"woocommerce\/proceed-to-checkout-block\" class=\"wp-block-woocommerce-proceed-to-checkout-block\"><\/div>\n\n\n\n<div data-block-name=\"woocommerce\/cart-accepted-payment-methods-block\" class=\"wp-block-woocommerce-cart-accepted-payment-methods-block\"><\/div>\n<\/div>\n<\/div>\n\n\n\n<div data-block-name=\"woocommerce\/empty-cart-block\" class=\"wp-block-woocommerce-empty-cart-block\">\n<h2 class=\"wp-block-heading has-text-align-center with-empty-cart-icon wc-block-cart__empty-cart__title\">Din varukorg \u00e4r f\u00f6r n\u00e4rvarande tom!<\/h2>\n\n\n\n<hr class=\"wp-block-separator has-alpha-channel-opacity is-style-dots\"\/>\n\n\n\n<h2 class=\"wp-block-heading has-text-align-center\">Nytt i butik<\/h2>\n\n\n<div data-block-name=\"woocommerce\/product-new\" data-columns=\"4\" data-rows=\"1\" class=\"wc-block-grid wp-block-product-new wp-block-woocommerce-product-new wc-block-product-new has-4-columns\"><ul class=\"wc-block-grid__products\"><li class=\"wc-block-grid__product\">\n\t\t\t\t<a href=\"https:\/\/malmqvistspsychology.com\/sv\/produkt\/personalized-psychological-guides\/\" class=\"wc-block-grid__product-link\">\n\t\t\t\t\t\n\t\t\t\t\t<div class=\"wc-block-grid__product-image\"><img loading=\"lazy\" decoding=\"async\" width=\"300\" height=\"300\" src=\"https:\/\/malmqvistspsychology.com\/wp-content\/uploads\/2025\/09\/A84A9DF5-A999-4BB1-A2FB-CDBEB05E747D-300x300.png\" class=\"attachment-woocommerce_thumbnail size-woocommerce_thumbnail\" alt=\"Personalized Psychological Guides\" srcset=\"https:\/\/malmqvistspsychology.com\/wp-content\/uploads\/2025\/09\/A84A9DF5-A999-4BB1-A2FB-CDBEB05E747D-300x300.png 300w, https:\/\/malmqvistspsychology.com\/wp-content\/uploads\/2025\/09\/A84A9DF5-A999-4BB1-A2FB-CDBEB05E747D-150x150.png 150w, https:\/\/malmqvistspsychology.com\/wp-content\/uploads\/2025\/09\/A84A9DF5-A999-4BB1-A2FB-CDBEB05E747D-100x100.png 100w\" sizes=\"auto, (max-width: 300px) 100vw, 300px\" \/><\/div>\n\t\t\t\t\t<div class=\"wc-block-grid__product-title\">Personalized Psychological Guides<\/div>\n\t\t\t\t<\/a>\n\t\t\t\t<div class=\"wc-block-grid__product-price price\"><span class=\"woocommerce-Price-amount amount\">799,00&nbsp;<span class=\"woocommerce-Price-currencySymbol\">&#107;&#114;<\/span><\/span><\/div>\n\t\t\t\t\n\t\t\t\t<div class=\"wp-block-button wc-block-grid__product-add-to-cart\"><a href=\"https:\/\/malmqvistspsychology.com\/sv\/produkt\/personalized-psychological-guides\/\" aria-label=\"L\u00e4s mer om \u201dPersonalized Psychological Guides\u201d\" data-quantity=\"1\" data-product_id=\"250\" data-product_sku=\"\" data-price=\"799\" rel=\"nofollow\" class=\"wp-block-button__link wp-element-button add_to_cart_button\" data-no-translation=\"\" data-trp-gettext=\"\" data-no-translation-aria-label=\"\">L\u00e4s mer<\/a><\/div>\n\t\t\t<\/li><li class=\"wc-block-grid__product\">\n\t\t\t\t<a href=\"https:\/\/malmqvistspsychology.com\/sv\/produkt\/building-emotional-intelligence-enhancing-your-self-awareness\/\" class=\"wc-block-grid__product-link\">\n\t\t\t\t\t\n\t\t\t\t\t<div class=\"wc-block-grid__product-image\"><img loading=\"lazy\" decoding=\"async\" width=\"300\" height=\"300\" src=\"https:\/\/malmqvistspsychology.com\/wp-content\/uploads\/2025\/01\/IMG_1175-300x300.jpeg\" class=\"attachment-woocommerce_thumbnail size-woocommerce_thumbnail\" alt=\"Building Emotional Intelligence: Enhancing your Self-Awareness\" srcset=\"https:\/\/malmqvistspsychology.com\/wp-content\/uploads\/2025\/01\/IMG_1175-300x300.jpeg 300w, https:\/\/malmqvistspsychology.com\/wp-content\/uploads\/2025\/01\/IMG_1175-150x150.jpeg 150w, https:\/\/malmqvistspsychology.com\/wp-content\/uploads\/2025\/01\/IMG_1175-100x100.jpeg 100w\" sizes=\"auto, (max-width: 300px) 100vw, 300px\" \/><\/div>\n\t\t\t\t\t<div class=\"wc-block-grid__product-title\">Building Emotional Intelligence: Enhancing your Self-Awareness<\/div>\n\t\t\t\t<\/a>\n\t\t\t\t<div class=\"wc-block-grid__product-price price\"><span class=\"woocommerce-Price-amount amount\">159,00&nbsp;<span class=\"woocommerce-Price-currencySymbol\">&#107;&#114;<\/span><\/span><\/div>\n\t\t\t\t<div class=\"wc-block-grid__product-rating\"><div class=\"star-rating\" role=\"img\" aria-label=\"Betygsatt 5.00 av 5\" data-no-translation-aria-label=\"\"><span style=\"width:100%\" data-no-translation=\"\" data-trp-gettext=\"\">Betygsatt <strong class=\"rating\">5.00<\/strong> av 5 baserat p\u00e5 <span class=\"rating\">8<\/span> kundrecensioner<\/span><\/div><\/div>\n\t\t\t\t<div class=\"wp-block-button wc-block-grid__product-add-to-cart\"><a href=\"https:\/\/malmqvistspsychology.com\/sv\/produkt\/building-emotional-intelligence-enhancing-your-self-awareness\/\" aria-label=\"L\u00e4s mer om \u201dBuilding Emotional Intelligence: Enhancing your Self-Awareness\u201d\" data-quantity=\"1\" data-product_id=\"224\" data-product_sku=\"\" data-price=\"159\" rel=\"nofollow\" class=\"wp-block-button__link wp-element-button add_to_cart_button\" data-no-translation=\"\" data-trp-gettext=\"\" data-no-translation-aria-label=\"\">L\u00e4s mer<\/a><\/div>\n\t\t\t<\/li><li class=\"wc-block-grid__product\">\n\t\t\t\t<a href=\"https:\/\/malmqvistspsychology.com\/sv\/produkt\/konsultation-samtalsterapi-online-consultation-talk-therapy-online-copy\/\" class=\"wc-block-grid__product-link\">\n\t\t\t\t\t\n\t\t\t\t\t<div class=\"wc-block-grid__product-image\"><img loading=\"lazy\" decoding=\"async\" width=\"300\" height=\"300\" src=\"https:\/\/malmqvistspsychology.com\/wp-content\/uploads\/2025\/06\/CD3CC6A0-4A31-4295-9ACF-928640FFC90A-300x300.png\" class=\"attachment-woocommerce_thumbnail size-woocommerce_thumbnail\" alt=\"Konsultation + Samtalsterapi Online \/ Consultation + Talk Therapy Online\" srcset=\"https:\/\/malmqvistspsychology.com\/wp-content\/uploads\/2025\/06\/CD3CC6A0-4A31-4295-9ACF-928640FFC90A-300x300.png 300w, https:\/\/malmqvistspsychology.com\/wp-content\/uploads\/2025\/06\/CD3CC6A0-4A31-4295-9ACF-928640FFC90A-150x150.png 150w, https:\/\/malmqvistspsychology.com\/wp-content\/uploads\/2025\/06\/CD3CC6A0-4A31-4295-9ACF-928640FFC90A-768x768.png 768w, https:\/\/malmqvistspsychology.com\/wp-content\/uploads\/2025\/06\/CD3CC6A0-4A31-4295-9ACF-928640FFC90A-12x12.png 12w, https:\/\/malmqvistspsychology.com\/wp-content\/uploads\/2025\/06\/CD3CC6A0-4A31-4295-9ACF-928640FFC90A-600x600.png 600w, https:\/\/malmqvistspsychology.com\/wp-content\/uploads\/2025\/06\/CD3CC6A0-4A31-4295-9ACF-928640FFC90A-100x100.png 100w, https:\/\/malmqvistspsychology.com\/wp-content\/uploads\/2025\/06\/CD3CC6A0-4A31-4295-9ACF-928640FFC90A.png 1024w\" sizes=\"auto, (max-width: 300px) 100vw, 300px\" \/><\/div>\n\t\t\t\t\t<div class=\"wc-block-grid__product-title\">Konsultation + Samtalsterapi Online \/ Consultation + Talk Therapy Online<\/div>\n\t\t\t\t<\/a>\n\t\t\t\t<div class=\"wc-block-grid__product-price price\"><span class=\"woocommerce-Price-amount amount\">1199,00&nbsp;<span class=\"woocommerce-Price-currencySymbol\">&#107;&#114;<\/span><\/span><\/div>\n\t\t\t\t<div class=\"wc-block-grid__product-rating\"><div class=\"star-rating\" role=\"img\" aria-label=\"Betygsatt 5.00 av 5\" data-no-translation-aria-label=\"\"><span style=\"width:100%\" data-no-translation=\"\" data-trp-gettext=\"\">Betygsatt <strong class=\"rating\">5.00<\/strong> av 5 baserat p\u00e5 <span class=\"rating\">7<\/span> kundrecensioner<\/span><\/div><\/div>\n\t\t\t\t<div class=\"wp-block-button wc-block-grid__product-add-to-cart\"><a href=\"https:\/\/malmqvistspsychology.com\/sv\/produkt\/konsultation-samtalsterapi-online-consultation-talk-therapy-online-copy\/\" aria-label=\"L\u00e4s mer om \u201dKonsultation + Samtalsterapi Online \/ Consultation + Talk Therapy Online\u201d\" data-quantity=\"1\" data-product_id=\"200\" data-product_sku=\"PSY-AT016-2\" data-price=\"1199\" rel=\"nofollow\" class=\"wp-block-button__link wp-element-button add_to_cart_button\" data-no-translation=\"\" data-trp-gettext=\"\" data-no-translation-aria-label=\"\">L\u00e4s mer<\/a><\/div>\n\t\t\t<\/li><li class=\"wc-block-grid__product\">\n\t\t\t\t<a href=\"https:\/\/malmqvistspsychology.com\/sv\/produkt\/samtalsterapi-online-talk-therapy-online-3-session-bundle\/\" class=\"wc-block-grid__product-link\">\n\t\t\t\t\t\n\t\t\t\t\t<div class=\"wc-block-grid__product-image\"><img loading=\"lazy\" decoding=\"async\" width=\"300\" height=\"300\" src=\"https:\/\/malmqvistspsychology.com\/wp-content\/uploads\/2025\/06\/A13978B0-C3EC-4E12-AD68-4FC22D35E0FA-300x300.png\" class=\"attachment-woocommerce_thumbnail size-woocommerce_thumbnail\" alt=\"Samtalsterapi Online \/ Talk Therapy Online (3-Session Bundle)\" srcset=\"https:\/\/malmqvistspsychology.com\/wp-content\/uploads\/2025\/06\/A13978B0-C3EC-4E12-AD68-4FC22D35E0FA-300x300.png 300w, https:\/\/malmqvistspsychology.com\/wp-content\/uploads\/2025\/06\/A13978B0-C3EC-4E12-AD68-4FC22D35E0FA-150x150.png 150w, https:\/\/malmqvistspsychology.com\/wp-content\/uploads\/2025\/06\/A13978B0-C3EC-4E12-AD68-4FC22D35E0FA-768x768.png 768w, https:\/\/malmqvistspsychology.com\/wp-content\/uploads\/2025\/06\/A13978B0-C3EC-4E12-AD68-4FC22D35E0FA-12x12.png 12w, https:\/\/malmqvistspsychology.com\/wp-content\/uploads\/2025\/06\/A13978B0-C3EC-4E12-AD68-4FC22D35E0FA-600x600.png 600w, https:\/\/malmqvistspsychology.com\/wp-content\/uploads\/2025\/06\/A13978B0-C3EC-4E12-AD68-4FC22D35E0FA-100x100.png 100w, https:\/\/malmqvistspsychology.com\/wp-content\/uploads\/2025\/06\/A13978B0-C3EC-4E12-AD68-4FC22D35E0FA.png 1024w\" sizes=\"auto, (max-width: 300px) 100vw, 300px\" \/><\/div>\n\t\t\t\t\t<div class=\"wc-block-grid__product-title\">Samtalsterapi Online \/ Talk Therapy Online (3-Session Bundle)<\/div>\n\t\t\t\t<\/a>\n\t\t\t\t<div class=\"wc-block-grid__product-price price\"><span class=\"woocommerce-Price-amount amount\">2999,00&nbsp;<span class=\"woocommerce-Price-currencySymbol\">&#107;&#114;<\/span><\/span><\/div>\n\t\t\t\t\n\t\t\t\t<div class=\"wp-block-button wc-block-grid__product-add-to-cart\"><a href=\"https:\/\/malmqvistspsychology.com\/sv\/produkt\/samtalsterapi-online-talk-therapy-online-3-session-bundle\/\" aria-label=\"L\u00e4s mer om \u201dSamtalsterapi Online \/ Talk Therapy Online (3-Session Bundle)\u201d\" data-quantity=\"1\" data-product_id=\"199\" data-product_sku=\"PSY-AT016-1\" data-price=\"2999\" rel=\"nofollow\" class=\"wp-block-button__link wp-element-button add_to_cart_button\" data-no-translation=\"\" data-trp-gettext=\"\" data-no-translation-aria-label=\"\">L\u00e4s mer<\/a><\/div>\n\t\t\t<\/li><\/ul><\/div><\/div>\n<\/div>","protected":false},"excerpt":{"rendered":"","protected":false},"author":1,"featured_media":0,"parent":0,"menu_order":0,"comment_status":"closed","ping_status":"closed","template":"","meta":{"footnotes":""},"class_list":["post-13","page","type-page","status-publish","hentry"],"_links":{"self":[{"href":"https:\/\/malmqvistspsychology.com\/sv\/wp-json\/wp\/v2\/pages\/13","targetHints":{"allow":["GET"]}}],"collection":[{"href":"https:\/\/malmqvistspsychology.com\/sv\/wp-json\/wp\/v2\/pages"}],"about":[{"href":"https:\/\/malmqvistspsychology.com\/sv\/wp-json\/wp\/v2\/types\/page"}],"author":[{"embeddable":true,"href":"https:\/\/malmqvistspsychology.com\/sv\/wp-json\/wp\/v2\/users\/1"}],"replies":[{"embeddable":true,"href":"https:\/\/malmqvistspsychology.com\/sv\/wp-json\/wp\/v2\/comments?post=13"}],"version-history":[{"count":1,"href":"https:\/\/malmqvistspsychology.com\/sv\/wp-json\/wp\/v2\/pages\/13\/revisions"}],"predecessor-version":[{"id":159,"href":"https:\/\/malmqvistspsychology.com\/sv\/wp-json\/wp\/v2\/pages\/13\/revisions\/159"}],"wp:attachment":[{"href":"https:\/\/malmqvistspsychology.com\/sv\/wp-json\/wp\/v2\/media?parent=13"}],"curies":[{"name":"wp","href":"https:\/\/api.w.org\/{rel}","templated":true}]}}