{"id":20,"date":"2025-01-15T12:05:59","date_gmt":"2025-01-15T12:05:59","guid":{"rendered":"https:\/\/malmqvistspsychology.com\/bokning\/"},"modified":"2025-11-17T04:12:22","modified_gmt":"2025-11-17T04:12:22","slug":"bokning","status":"publish","type":"page","link":"https:\/\/malmqvistspsychology.com\/sv\/bokning\/","title":{"rendered":"Booking"},"content":{"rendered":"<div class=\"wp-block-group alignfull has-background-background-color has-background has-global-padding is-layout-constrained wp-container-core-group-is-layout-864ebe9b wp-block-group-is-layout-constrained\" style=\"margin-top:0;margin-bottom:0;padding-top:0;padding-right:0;padding-bottom:0;padding-left:0\">\n<div class=\"wp-block-cover alignfull\" style=\"padding-top:0;padding-right:var(--wp--preset--spacing--30);padding-bottom:0;padding-left:var(--wp--preset--spacing--30);min-height:50px;aspect-ratio:unset;\"><img loading=\"lazy\" decoding=\"async\" width=\"1280\" height=\"853\" class=\"wp-block-cover__image-background wp-image-74\" alt=\"\" src=\"https:\/\/malmqvistspsychology.com\/wp-content\/uploads\/2025\/01\/1da360892af13fa74800664e8a3b0bd62d77e706.jpg\" data-object-fit=\"cover\" srcset=\"https:\/\/malmqvistspsychology.com\/wp-content\/uploads\/2025\/01\/1da360892af13fa74800664e8a3b0bd62d77e706.jpg 1280w, https:\/\/malmqvistspsychology.com\/wp-content\/uploads\/2025\/01\/1da360892af13fa74800664e8a3b0bd62d77e706-300x200.jpg 300w, https:\/\/malmqvistspsychology.com\/wp-content\/uploads\/2025\/01\/1da360892af13fa74800664e8a3b0bd62d77e706-1024x682.jpg 1024w, https:\/\/malmqvistspsychology.com\/wp-content\/uploads\/2025\/01\/1da360892af13fa74800664e8a3b0bd62d77e706-768x512.jpg 768w, https:\/\/malmqvistspsychology.com\/wp-content\/uploads\/2025\/01\/1da360892af13fa74800664e8a3b0bd62d77e706-600x400.jpg 600w\" sizes=\"auto, (max-width: 1280px) 100vw, 1280px\" \/><span aria-hidden=\"true\" class=\"wp-block-cover__background has-black-background-color has-background-dim-60 has-background-dim\"><\/span><div class=\"wp-block-cover__inner-container is-layout-flow wp-block-cover-is-layout-flow\">\n<div class=\"wp-block-group has-global-padding is-layout-constrained wp-block-group-is-layout-constrained\" style=\"padding-top:var(--wp--preset--spacing--60);padding-bottom:var(--wp--preset--spacing--60)\">\n<div class=\"wp-block-columns alignwide are-vertically-aligned-center is-layout-flex wp-container-core-columns-is-layout-947c9d80 wp-block-columns-is-layout-flex\">\n<div class=\"wp-block-column is-vertically-aligned-center is-layout-flow wp-block-column-is-layout-flow\">\n<h1 class=\"wp-block-heading has-text-color has-x-large-font-size\" style=\"color:#fffffffc\">Expand Your Knowledge or Get the Support You Deserve \u2014 Schedule with Us Now<\/h1>\n<\/div>\n\n\n\n<div class=\"wp-block-column is-vertically-aligned-center is-layout-flow wp-block-column-is-layout-flow\">\n<p class=\"has-text-color\" style=\"color:#fffffffc\">Specializing in forensic psychology, criminal behavior, and trauma-informed counselling \u2014 offering evidence-based courses, consultations, and lectures for professionals and individuals.<br><\/p>\n<\/div>\n<\/div>\n<\/div>\n<\/div><\/div>\n<\/div>\n\n\n\n<div class=\"wp-block-group alignfull has-tertiary-background-color has-background has-global-padding is-layout-constrained wp-container-core-group-is-layout-7276a2bb wp-block-group-is-layout-constrained\" style=\"margin-top:0;margin-bottom:0;padding-top:var(--wp--preset--spacing--60);padding-right:var(--wp--preset--spacing--30);padding-bottom:var(--wp--preset--spacing--60);padding-left:var(--wp--preset--spacing--30)\">\n<div class=\"wp-block-columns alignwide are-vertically-aligned-center is-layout-flex wp-container-core-columns-is-layout-08c01c1c wp-block-columns-is-layout-flex\">\n<div class=\"wp-block-column is-vertically-aligned-center is-layout-flow wp-block-column-is-layout-flow\">\n<div class=\"wp-block-cover is-light has-custom-content-position is-position-bottom-left\" style=\"border-radius:4px;padding-top:0;padding-right:0;padding-bottom:0;padding-left:0;min-height:548px;aspect-ratio:unset;\"><span aria-hidden=\"true\" class=\"wp-block-cover__background has-background-dim-0 has-background-dim\" style=\"background-color:#FFF\"><\/span><div class=\"wp-block-cover__inner-container is-layout-flow wp-block-cover-is-layout-flow\">\n<figure class=\"wp-block-image size-full\"><img loading=\"lazy\" decoding=\"async\" width=\"1024\" height=\"1024\" src=\"https:\/\/malmqvistspsychology.com\/wp-content\/uploads\/2025\/06\/BF48C1B7-035D-4EA9-B4DC-7E8929824240.png\" alt=\"\" class=\"wp-image-207\" srcset=\"https:\/\/malmqvistspsychology.com\/wp-content\/uploads\/2025\/06\/BF48C1B7-035D-4EA9-B4DC-7E8929824240.png 1024w, https:\/\/malmqvistspsychology.com\/wp-content\/uploads\/2025\/06\/BF48C1B7-035D-4EA9-B4DC-7E8929824240-300x300.png 300w, https:\/\/malmqvistspsychology.com\/wp-content\/uploads\/2025\/06\/BF48C1B7-035D-4EA9-B4DC-7E8929824240-150x150.png 150w, https:\/\/malmqvistspsychology.com\/wp-content\/uploads\/2025\/06\/BF48C1B7-035D-4EA9-B4DC-7E8929824240-768x768.png 768w, https:\/\/malmqvistspsychology.com\/wp-content\/uploads\/2025\/06\/BF48C1B7-035D-4EA9-B4DC-7E8929824240-12x12.png 12w, https:\/\/malmqvistspsychology.com\/wp-content\/uploads\/2025\/06\/BF48C1B7-035D-4EA9-B4DC-7E8929824240-600x600.png 600w, https:\/\/malmqvistspsychology.com\/wp-content\/uploads\/2025\/06\/BF48C1B7-035D-4EA9-B4DC-7E8929824240-100x100.png 100w\" sizes=\"auto, (max-width: 1024px) 100vw, 1024px\" \/><\/figure>\n\n\n\n<div class=\"wp-block-cover is-light has-foreground-color has-text-color has-link-color wp-elements-b7271ee447626ad302a4cc36a01ca909\" style=\"padding-top:var(--wp--preset--spacing--30);padding-right:var(--wp--preset--spacing--30);padding-bottom:var(--wp--preset--spacing--30);padding-left:var(--wp--preset--spacing--30);min-height:240px;aspect-ratio:unset;\"><span aria-hidden=\"true\" class=\"wp-block-cover__background has-background-background-color has-background-dim-90 has-background-dim\"><\/span><div class=\"wp-block-cover__inner-container has-global-padding is-layout-constrained wp-container-core-cover-is-layout-80fb368b wp-block-cover-is-layout-constrained\">\n<div class=\"wp-block-group has-global-padding is-layout-constrained wp-container-core-group-is-layout-f47f1bd0 wp-block-group-is-layout-constrained\" style=\"padding-top:0;padding-right:0;padding-bottom:0;padding-left:0\">\n<p style=\"font-size:clamp(0.984rem, 0.984rem + ((1vw - 0.2rem) * 0.86), 1.5rem);font-style:normal;font-weight:500;line-height:1.3\"><\/p>\n\n\n\n<p class=\"has-text-align-left has-small-font-size\" style=\"margin-top:2px\">Malmqvist\u2019s Psychology &amp; Forensics offers counselling, consultation, and education rooted in psychology, criminology, and forensic science \u2014 serving both private individuals and professionals seeking evidence-based support, knowledge, and development.<\/p>\n<\/div>\n<\/div><\/div>\n<\/div><\/div>\n<\/div>\n\n\n\n<div class=\"wp-block-column is-vertically-aligned-center is-layout-flow wp-block-column-is-layout-flow\">\n<h2 class=\"wp-block-heading has-large-font-size\">Consultations in Forensic Psychology \/ Forensic Psychiatry \/ Crime Prevention<\/h2>\n\n\n\n<p style=\"margin-top:16px\">This consultation service is intended exclusively for professionals operating within the fields of forensic psychiatry, forensic psychology, criminal justice, mental health, or related disciplines. Through evidence-based guidance and expert insights, I support practitioners in enhancing their understanding, decision-making, and case management in complex forensic and crime prevention contexts.<\/p>\n\n\n\n<p>Consultations are tailored to meet your specific professional needs and challenges, drawing on the latest research and practical experience within the forensic and preventive frameworks.<\/p>\n\n\n\n<p style=\"margin-top:16px\">Book your consultation here:<\/p>\n\n\n\n<div class=\"wp-block-buttons is-layout-flex wp-block-buttons-is-layout-flex\" style=\"margin-top:var(--wp--preset--spacing--40)\">\n<div class=\"wp-block-button is-style-fill\"><a class=\"wp-block-button__link wp-element-button\" href=\"https:\/\/malmqvistspsychology.com\/sv\/kontakt\/\">Read More<\/a><\/div>\n<\/div>\n<\/div>\n<\/div>\n<\/div>\n\n\n\n<div class=\"wp-block-group alignfull has-background-background-color has-background has-global-padding is-layout-constrained wp-container-core-group-is-layout-7276a2bb wp-block-group-is-layout-constrained\" style=\"margin-top:0;margin-bottom:0;padding-top:var(--wp--preset--spacing--60);padding-right:var(--wp--preset--spacing--30);padding-bottom:var(--wp--preset--spacing--60);padding-left:var(--wp--preset--spacing--30)\">\n<div class=\"wp-block-group alignwide is-content-justification-space-between is-layout-flex wp-container-core-group-is-layout-9366075c wp-block-group-is-layout-flex\">\n<div class=\"wp-block-group has-global-padding is-layout-constrained wp-block-group-is-layout-constrained\">\n<h2 class=\"wp-block-heading has-large-font-size\">Expertis inom r\u00e4ttspsykologi och brottsutredningar<\/h2>\n\n\n\n<p style=\"margin-top:16px\">H\u00e4r kan du enkelt boka konsultationer, prenumerera p\u00e5 v\u00e5r blogg eller l\u00e4ra dig mer om v\u00e5ra utbildningar. Dra nytta av v\u00e5r expertis och f\u00f6lj enkla steg f\u00f6r att engagera dig.<\/p>\n<\/div>\n\n\n\n<div class=\"wp-block-buttons is-horizontal is-content-justification-right is-layout-flex wp-container-core-buttons-is-layout-27c00227 wp-block-buttons-is-layout-flex\">\n<div class=\"wp-block-button\"><a class=\"wp-block-button__link wp-element-button\" href=\"https:\/\/malmqvistspsychology.com\/sv\/tjanster\/\">L\u00e4s mer<\/a><\/div>\n<\/div>\n<\/div>\n<\/div>\n\n\n\n<div class=\"wp-block-group alignfull has-tertiary-background-color has-background has-global-padding is-layout-constrained wp-container-core-group-is-layout-7276a2bb wp-block-group-is-layout-constrained\" id=\"kontakt\" style=\"margin-top:0;margin-bottom:0;padding-top:var(--wp--preset--spacing--60);padding-right:var(--wp--preset--spacing--30);padding-bottom:var(--wp--preset--spacing--60);padding-left:var(--wp--preset--spacing--30)\">\n<div class=\"wp-block-columns alignwide is-layout-flex wp-container-core-columns-is-layout-fa584acd wp-block-columns-is-layout-flex\">\n<div class=\"wp-block-column is-layout-flow wp-block-column-is-layout-flow\" style=\"flex-basis:50%\">\n<div class=\"wp-block-group has-global-padding is-layout-constrained wp-block-group-is-layout-constrained\" style=\"margin-bottom:var(--wp--preset--spacing--40)\">\n<h2 class=\"wp-block-heading has-large-font-size\">Utforska kunskap f\u00f6r socialtj\u00e4nst och utbildning<\/h2>\n\n\n\n<p style=\"margin-top:1rem\">H\u00e4r hittar du v\u00e5ra kontaktuppgifter f\u00f6r smidig kontakt.<\/p>\n<\/div>\n\n\n\n<div class=\"wp-block-contact-form-7-contact-form-selector\">\n<div class=\"wpcf7 no-js\" id=\"wpcf7-f18-o1\" lang=\"sv-SE\" dir=\"ltr\" data-wpcf7-id=\"18\">\n<div class=\"screen-reader-response\"><p role=\"status\" aria-live=\"polite\" aria-atomic=\"true\"><\/p> <ul><\/ul><\/div>\n<form action=\"\/sv\/wp-json\/wp\/v2\/pages\/20#wpcf7-f18-o1\" method=\"post\" class=\"wpcf7-form init\" aria-label=\"Kontaktformul\u00e4r\" novalidate=\"novalidate\" data-status=\"init\" data-trp-original-action=\"\/sv\/wp-json\/wp\/v2\/pages\/20#wpcf7-f18-o1\">\n<fieldset class=\"hidden-fields-container\"><input type=\"hidden\" name=\"_wpcf7\" value=\"18\" \/><input type=\"hidden\" name=\"_wpcf7_version\" value=\"6.1.5\" \/><input type=\"hidden\" name=\"_wpcf7_locale\" value=\"sv_SE\" \/><input type=\"hidden\" name=\"_wpcf7_unit_tag\" value=\"wpcf7-f18-o1\" \/><input type=\"hidden\" name=\"_wpcf7_container_post\" value=\"0\" \/><input type=\"hidden\" name=\"_wpcf7_posted_data_hash\" value=\"\" \/>\n<\/fieldset>\n<p><label> Name<br \/>\n<span class=\"wpcf7-form-control-wrap\" data-name=\"your-name\"><input size=\"40\" maxlength=\"400\" class=\"wpcf7-form-control wpcf7-text wpcf7-validates-as-required\" autocomplete=\"name\" aria-required=\"true\" aria-invalid=\"false\" value=\"\" type=\"text\" name=\"your-name\" \/><\/span> <\/label>\n<\/p>\n<p><label> Email<br \/>\n<span class=\"wpcf7-form-control-wrap\" data-name=\"your-email\"><input size=\"40\" maxlength=\"400\" class=\"wpcf7-form-control wpcf7-email wpcf7-validates-as-required wpcf7-text wpcf7-validates-as-email\" autocomplete=\"email\" aria-required=\"true\" aria-invalid=\"false\" value=\"\" type=\"email\" name=\"your-email\" \/><\/span> <\/label>\n<\/p>\n<p><label> Subject<br \/>\n<span class=\"wpcf7-form-control-wrap\" data-name=\"your-subject\"><input size=\"40\" maxlength=\"400\" class=\"wpcf7-form-control wpcf7-text wpcf7-validates-as-required\" aria-required=\"true\" aria-invalid=\"false\" value=\"\" type=\"text\" name=\"your-subject\" \/><\/span> <\/label>\n<\/p>\n<p><label> Your message<br \/>\n<span class=\"wpcf7-form-control-wrap\" data-name=\"your-message\"><textarea cols=\"40\" rows=\"10\" maxlength=\"2000\" class=\"wpcf7-form-control wpcf7-textarea\" aria-invalid=\"false\" name=\"your-message\"><\/textarea><\/span> <\/label>\n<\/p>\n<p><input class=\"wpcf7-form-control wpcf7-submit has-spinner\" type=\"submit\" value=\"Send\" \/>\n<\/p><div class=\"wpcf7-response-output\" aria-hidden=\"true\"><\/div>\n<input type=\"hidden\" name=\"trp-form-language\" value=\"sv\"\/><\/form>\n<\/div>\n<\/div>\n<\/div>\n\n\n\n<div class=\"wp-block-column is-layout-flow wp-block-column-is-layout-flow\" style=\"flex-basis:50%\">\n<figure class=\"wp-block-image\"><img loading=\"lazy\" decoding=\"async\" width=\"10800\" height=\"7200\" src=\"https:\/\/malmqvistspsychology.com\/wp-content\/uploads\/2025\/01\/170155ce0b93dfec099e4de27f5b7bc96898e77c.jpg\" alt=\"\" class=\"wp-image-76\" style=\"aspect-ratio:3\/4;object-fit:cover\"\/><\/figure>\n<\/div>\n<\/div>\n<\/div>","protected":false},"excerpt":{"rendered":"<p>Consultations in Forensic Psychology \/ Forensic Psychiatry \/ Crime Prevention This consultation service is intended exclusively for professionals operating within the fields of forensic psychiatry, forensic psychology, criminal justice, mental health, or related disciplines. Through evidence-based guidance and expert insights, I support practitioners in enhancing their understanding, decision-making, and case management in complex forensic and [&hellip;]<\/p>\n","protected":false},"author":1,"featured_media":0,"parent":0,"menu_order":0,"comment_status":"closed","ping_status":"closed","template":"no-title","meta":{"footnotes":""},"class_list":["post-20","page","type-page","status-publish","hentry"],"_links":{"self":[{"href":"https:\/\/malmqvistspsychology.com\/sv\/wp-json\/wp\/v2\/pages\/20","targetHints":{"allow":["GET"]}}],"collection":[{"href":"https:\/\/malmqvistspsychology.com\/sv\/wp-json\/wp\/v2\/pages"}],"about":[{"href":"https:\/\/malmqvistspsychology.com\/sv\/wp-json\/wp\/v2\/types\/page"}],"author":[{"embeddable":true,"href":"https:\/\/malmqvistspsychology.com\/sv\/wp-json\/wp\/v2\/users\/1"}],"replies":[{"embeddable":true,"href":"https:\/\/malmqvistspsychology.com\/sv\/wp-json\/wp\/v2\/comments?post=20"}],"version-history":[{"count":9,"href":"https:\/\/malmqvistspsychology.com\/sv\/wp-json\/wp\/v2\/pages\/20\/revisions"}],"predecessor-version":[{"id":260,"href":"https:\/\/malmqvistspsychology.com\/sv\/wp-json\/wp\/v2\/pages\/20\/revisions\/260"}],"wp:attachment":[{"href":"https:\/\/malmqvistspsychology.com\/sv\/wp-json\/wp\/v2\/media?parent=20"}],"curies":[{"name":"wp","href":"https:\/\/api.w.org\/{rel}","templated":true}]}}