{"id":22,"date":"2025-01-15T12:06:00","date_gmt":"2025-01-15T12:06:00","guid":{"rendered":"https:\/\/malmqvistspsychology.com\/resurser\/"},"modified":"2025-01-15T12:36:11","modified_gmt":"2025-01-15T12:36:11","slug":"resurser","status":"publish","type":"page","link":"https:\/\/malmqvistspsychology.com\/sv\/resurser\/","title":{"rendered":"Resurser"},"content":{"rendered":"<div class=\"wp-block-group alignfull has-background-background-color has-background has-global-padding is-layout-constrained wp-container-core-group-is-layout-864ebe9b wp-block-group-is-layout-constrained\" style=\"margin-top:0;margin-bottom:0;padding-top:0;padding-right:0;padding-bottom:0;padding-left:0\">\n<div class=\"wp-block-cover alignfull\" style=\"padding-top:0;padding-right:var(--wp--preset--spacing--30);padding-bottom:0;padding-left:var(--wp--preset--spacing--30);min-height:50px;aspect-ratio:unset;\"><span aria-hidden=\"true\" class=\"wp-block-cover__background has-black-background-color has-background-dim-60 has-background-dim\"><\/span><img loading=\"lazy\" decoding=\"async\" width=\"1280\" height=\"853\" class=\"wp-block-cover__image-background wp-image-74\" alt=\"\" src=\"https:\/\/malmqvistspsychology.com\/wp-content\/uploads\/2025\/01\/1da360892af13fa74800664e8a3b0bd62d77e706.jpg\" data-object-fit=\"cover\" srcset=\"https:\/\/malmqvistspsychology.com\/wp-content\/uploads\/2025\/01\/1da360892af13fa74800664e8a3b0bd62d77e706.jpg 1280w, https:\/\/malmqvistspsychology.com\/wp-content\/uploads\/2025\/01\/1da360892af13fa74800664e8a3b0bd62d77e706-300x200.jpg 300w, https:\/\/malmqvistspsychology.com\/wp-content\/uploads\/2025\/01\/1da360892af13fa74800664e8a3b0bd62d77e706-1024x682.jpg 1024w, https:\/\/malmqvistspsychology.com\/wp-content\/uploads\/2025\/01\/1da360892af13fa74800664e8a3b0bd62d77e706-768x512.jpg 768w, https:\/\/malmqvistspsychology.com\/wp-content\/uploads\/2025\/01\/1da360892af13fa74800664e8a3b0bd62d77e706-600x400.jpg 600w\" sizes=\"auto, (max-width: 1280px) 100vw, 1280px\" \/><div class=\"wp-block-cover__inner-container is-layout-flow wp-block-cover-is-layout-flow\">\n<div class=\"wp-block-group has-global-padding is-layout-constrained wp-block-group-is-layout-constrained\" style=\"padding-top:var(--wp--preset--spacing--60);padding-bottom:var(--wp--preset--spacing--60)\">\n<div class=\"wp-block-columns alignwide are-vertically-aligned-center is-layout-flex wp-container-core-columns-is-layout-947c9d80 wp-block-columns-is-layout-flex\">\n<div class=\"wp-block-column is-vertically-aligned-center is-layout-flow wp-block-column-is-layout-flow\">\n<h1 class=\"wp-block-heading has-text-color has-x-large-font-size\" style=\"color:#fffffffc\">Dyk ner i forensikens fascinerande v\u00e4rld<\/h1>\n<\/div>\n\n\n\n<div class=\"wp-block-column is-vertically-aligned-center is-layout-flow wp-block-column-is-layout-flow\">\n<p class=\"has-text-color\" style=\"color:#fffffffc\">Expertis f\u00f6r framg\u00e5ngsrika r\u00e4ttsliga utredningar<\/p>\n<\/div>\n<\/div>\n<\/div>\n<\/div><\/div>\n<\/div>\n\n<div class=\"wp-block-group alignfull has-tertiary-background-color has-background has-global-padding is-layout-constrained wp-container-core-group-is-layout-7276a2bb wp-block-group-is-layout-constrained\" id=\"resurser\" style=\"margin-top:0;margin-bottom:0;padding-top:var(--wp--preset--spacing--60);padding-right:var(--wp--preset--spacing--30);padding-bottom:var(--wp--preset--spacing--60);padding-left:var(--wp--preset--spacing--30)\">\n<div class=\"wp-block-group alignwide has-global-padding is-content-justification-center is-layout-constrained wp-block-group-is-layout-constrained\">\n<h2 class=\"wp-block-heading has-text-align-center has-large-font-size\">Enkel bokning av konsultationer och kurser online<\/h2>\n\n\n\n<p class=\"has-text-align-center\" style=\"margin-top:16px\">Detta avsnitt erbjuder en \u00f6versikt av tillg\u00e4ngliga verktyg.<\/p>\n<\/div>\n\n\n\n<div class=\"wp-block-columns alignwide is-layout-flex wp-container-core-columns-is-layout-a88a3fd8 wp-block-columns-is-layout-flex\">\n<div class=\"wp-block-column is-layout-flow wp-block-column-is-layout-flow\">\n<figure class=\"wp-block-image aligncenter size-large is-resized ext-aspect-landscape wp-duotone-primary-foreground\"><img decoding=\"async\" src=\"data:image\/svg+xml;base64,PHN2ZyB4bWxucz0iaHR0cDovL3d3dy53My5vcmcvMjAwMC9zdmciIHdpZHRoPSI0OCIgaGVpZ2h0PSI0OCIgZmlsbD0ibm9uZSIgdmlld0JveD0iMCAwIDQ4IDQ4Ij48bWFzayBpZD0iYSIgd2lkdGg9IjQ4IiBoZWlnaHQ9IjQ4IiB4PSIwIiB5PSIwIiBtYXNrVW5pdHM9InVzZXJTcGFjZU9uVXNlIiBzdHlsZT0ibWFzay10eXBlOmFscGhhIj48cGF0aCBmaWxsPSIjRDlEOUQ5IiBkPSJNMCAwaDQ4djQ4SDB6Ii8+PC9tYXNrPjxnIG1hc2s9InVybCgjYSkiPjxwYXRoIGZpbGw9IiMxQzFCMUYiIGQ9Ik03IDQwYy0uNzY3IDAtMS40NTgtLjMwOC0yLjA3NS0uOTI1QzQuMzA4IDM4LjQ1OCA0IDM3Ljc2NyA0IDM3VjExYzAtLjc2Ny4zMDgtMS40NTguOTI1LTIuMDc1QzUuNTQyIDguMzA4IDYuMjMzIDggNyA4aDE0LjA1bDMgM0g0MWMuNzY3IDAgMS40NTguMzA4IDIuMDc1LjkyNS42MTcuNjE3LjkyNSAxLjMwOC45MjUgMi4wNzVIMjIuNzVsLTMtM0g3djI2bDUuMS0yMEg0N2wtNS4zNSAyMC43Yy0uMi44LS41NjcgMS4zODMtMS4xIDEuNzUtLjUzMy4zNjctMS4yMTcuNTUtMi4wNS41NUg3Wm0zLjE1LTNoMjguNmw0LjItMTdoLTI4LjZsLTQuMiAxN1oiLz48L2c+PC9zdmc+\" alt=\"\" style=\"width:48px\"\/><\/figure>\n\n\n\n<h3 class=\"wp-block-heading has-text-align-center\" style=\"margin-top:24px;font-size:clamp(14px, 0.875rem + ((1vw - 3.2px) * 0.625), 20px);line-height:1.5\">R\u00e4ttspsykologi<\/h3>\n\n\n\n<p class=\"has-text-align-center has-small-font-size\" style=\"margin-top:8px\">Detta \u00e4mne introducerar dig till viktiga r\u00e4ttspsykologiska teorier.<\/p>\n\n\n\n<div class=\"wp-block-buttons is-content-justification-center is-layout-flex wp-container-core-buttons-is-layout-a89b3969 wp-block-buttons-is-layout-flex\">\n<div class=\"wp-block-button has-custom-font-size has-small-font-size\"><a class=\"wp-block-button__link wp-element-button\" href=\"https:\/\/malmqvistspsychology.com\/sv\/kontakt\/\">Utforska<\/a><\/div>\n<\/div>\n<\/div>\n\n\n\n<div class=\"wp-block-column is-layout-flow wp-block-column-is-layout-flow\">\n<figure class=\"wp-block-image aligncenter size-large is-resized ext-aspect-landscape wp-duotone-primary-foreground\"><img decoding=\"async\" src=\"data:image\/svg+xml;base64,PHN2ZyB4bWxucz0iaHR0cDovL3d3dy53My5vcmcvMjAwMC9zdmciIHdpZHRoPSI0OCIgaGVpZ2h0PSI0OCIgZmlsbD0ibm9uZSIgdmlld0JveD0iMCAwIDQ4IDQ4Ij48bWFzayBpZD0iYSIgd2lkdGg9IjQ4IiBoZWlnaHQ9IjQ4IiB4PSIwIiB5PSIwIiBtYXNrVW5pdHM9InVzZXJTcGFjZU9uVXNlIiBzdHlsZT0ibWFzay10eXBlOmFscGhhIj48cGF0aCBmaWxsPSIjRDlEOUQ5IiBkPSJNMCAwaDQ4djQ4SDB6Ii8+PC9tYXNrPjxnIG1hc2s9InVybCgjYSkiPjxwYXRoIGZpbGw9IiMxQzFCMUYiIGQ9Ik03IDQwYy0uNzY3IDAtMS40NTgtLjMwOC0yLjA3NS0uOTI1QzQuMzA4IDM4LjQ1OCA0IDM3Ljc2NyA0IDM3VjExYzAtLjc2Ny4zMDgtMS40NTguOTI1LTIuMDc1QzUuNTQyIDguMzA4IDYuMjMzIDggNyA4aDE0LjA1bDMgM0g0MWMuNzY3IDAgMS40NTguMzA4IDIuMDc1LjkyNS42MTcuNjE3LjkyNSAxLjMwOC45MjUgMi4wNzVIMjIuNzVsLTMtM0g3djI2bDUuMS0yMEg0N2wtNS4zNSAyMC43Yy0uMi44LS41NjcgMS4zODMtMS4xIDEuNzUtLjUzMy4zNjctMS4yMTcuNTUtMi4wNS41NUg3Wm0zLjE1LTNoMjguNmw0LjItMTdoLTI4LjZsLTQuMiAxN1oiLz48L2c+PC9zdmc+\" alt=\"\" style=\"width:48px\"\/><\/figure>\n\n\n\n<h3 class=\"wp-block-heading has-text-align-center\" style=\"margin-top:24px;font-size:clamp(14px, 0.875rem + ((1vw - 3.2px) * 0.625), 20px);line-height:1.5\">Brottsutredning<\/h3>\n\n\n\n<p class=\"has-text-align-center has-small-font-size\" style=\"margin-top:8px\">Detta \u00e4mne g\u00e5r igenom komplexa utredningsmetoder.<\/p>\n\n\n\n<div class=\"wp-block-buttons is-content-justification-center is-layout-flex wp-container-core-buttons-is-layout-a89b3969 wp-block-buttons-is-layout-flex\">\n<div class=\"wp-block-button has-custom-font-size has-small-font-size\"><a class=\"wp-block-button__link wp-element-button\" href=\"https:\/\/malmqvistspsychology.com\/sv\/kontakt\/\">F\u00f6rdjupa<\/a><\/div>\n<\/div>\n<\/div>\n\n\n\n<div class=\"wp-block-column is-layout-flow wp-block-column-is-layout-flow\">\n<figure class=\"wp-block-image aligncenter size-large is-resized ext-aspect-landscape wp-duotone-primary-foreground\"><img decoding=\"async\" src=\"data:image\/svg+xml;base64,PHN2ZyB4bWxucz0iaHR0cDovL3d3dy53My5vcmcvMjAwMC9zdmciIHdpZHRoPSI0OCIgaGVpZ2h0PSI0OCIgZmlsbD0ibm9uZSIgdmlld0JveD0iMCAwIDQ4IDQ4Ij48bWFzayBpZD0iYSIgd2lkdGg9IjQ4IiBoZWlnaHQ9IjQ4IiB4PSIwIiB5PSIwIiBtYXNrVW5pdHM9InVzZXJTcGFjZU9uVXNlIiBzdHlsZT0ibWFzay10eXBlOmFscGhhIj48cGF0aCBmaWxsPSIjRDlEOUQ5IiBkPSJNMCAwaDQ4djQ4SDB6Ii8+PC9tYXNrPjxnIG1hc2s9InVybCgjYSkiPjxwYXRoIGZpbGw9IiMxQzFCMUYiIGQ9Ik03IDQwYy0uNzY3IDAtMS40NTgtLjMwOC0yLjA3NS0uOTI1QzQuMzA4IDM4LjQ1OCA0IDM3Ljc2NyA0IDM3VjExYzAtLjc2Ny4zMDgtMS40NTguOTI1LTIuMDc1QzUuNTQyIDguMzA4IDYuMjMzIDggNyA4aDE0LjA1bDMgM0g0MWMuNzY3IDAgMS40NTguMzA4IDIuMDc1LjkyNS42MTcuNjE3LjkyNSAxLjMwOC45MjUgMi4wNzVIMjIuNzVsLTMtM0g3djI2bDUuMS0yMEg0N2wtNS4zNSAyMC43Yy0uMi44LS41NjcgMS4zODMtMS4xIDEuNzUtLjUzMy4zNjctMS4yMTcuNTUtMi4wNS41NUg3Wm0zLjE1LTNoMjguNmw0LjItMTdoLTI4LjZsLTQuMiAxN1oiLz48L2c+PC9zdmc+\" alt=\"\" style=\"width:48px\"\/><\/figure>\n\n\n\n<h3 class=\"wp-block-heading has-text-align-center\" style=\"margin-top:24px;font-size:clamp(14px, 0.875rem + ((1vw - 3.2px) * 0.625), 20px);line-height:1.5\">R\u00e4ttspsykiatri<\/h3>\n\n\n\n<p class=\"has-text-align-center has-small-font-size\" style=\"margin-top:8px\">L\u00e4r dig om r\u00e4ttspsykiatri f\u00f6r djupare insikt och f\u00f6rst\u00e5else.<\/p>\n\n\n\n<div class=\"wp-block-buttons is-content-justification-center is-layout-flex wp-container-core-buttons-is-layout-a89b3969 wp-block-buttons-is-layout-flex\">\n<div class=\"wp-block-button has-custom-font-size has-small-font-size\"><a class=\"wp-block-button__link wp-element-button\" href=\"https:\/\/malmqvistspsychology.com\/sv\/kontakt\/\">L\u00e4s vidare<\/a><\/div>\n<\/div>\n<\/div>\n<\/div>\n<\/div>\n\n<div class=\"wp-block-group alignfull has-background-background-color has-background has-global-padding is-layout-constrained wp-container-core-group-is-layout-68d5e5bb wp-block-group-is-layout-constrained\" id=\"funktioner\" style=\"margin-top:0;margin-bottom:0;padding-top:var(--wp--preset--spacing--50);padding-right:var(--wp--preset--spacing--30);padding-bottom:var(--wp--preset--spacing--60);padding-left:var(--wp--preset--spacing--30)\">\n<div class=\"wp-block-group alignwide has-global-padding is-content-justification-left is-layout-constrained wp-container-core-group-is-layout-12dd3699 wp-block-group-is-layout-constrained\">\n<h2 class=\"wp-block-heading has-large-font-size\" style=\"margin-top:12px\">Psykologi och forensiska insikter<\/h2>\n\n\n\n<p style=\"margin-top:16px\">Utforska v\u00e5ra nyckeltj\u00e4nster och erbjudanden.<\/p>\n<\/div>\n\n\n\n<div class=\"wp-block-columns alignwide is-layout-flex wp-container-core-columns-is-layout-08c01c1c wp-block-columns-is-layout-flex\">\n<div class=\"wp-block-column is-layout-flow wp-block-column-is-layout-flow\">\n<figure class=\"wp-block-image\"><img loading=\"lazy\" decoding=\"async\" width=\"1280\" height=\"853\" class=\"wp-image-79\" src=\"https:\/\/malmqvistspsychology.com\/wp-content\/uploads\/2025\/01\/687d4dc7c32543e3329f4895f194b172c8942d61.jpg\" alt=\"\" style=\"aspect-ratio:1;object-fit:cover\" srcset=\"https:\/\/malmqvistspsychology.com\/wp-content\/uploads\/2025\/01\/687d4dc7c32543e3329f4895f194b172c8942d61.jpg 1280w, https:\/\/malmqvistspsychology.com\/wp-content\/uploads\/2025\/01\/687d4dc7c32543e3329f4895f194b172c8942d61-300x200.jpg 300w, https:\/\/malmqvistspsychology.com\/wp-content\/uploads\/2025\/01\/687d4dc7c32543e3329f4895f194b172c8942d61-1024x682.jpg 1024w, https:\/\/malmqvistspsychology.com\/wp-content\/uploads\/2025\/01\/687d4dc7c32543e3329f4895f194b172c8942d61-768x512.jpg 768w, https:\/\/malmqvistspsychology.com\/wp-content\/uploads\/2025\/01\/687d4dc7c32543e3329f4895f194b172c8942d61-600x400.jpg 600w\" sizes=\"auto, (max-width: 1280px) 100vw, 1280px\" \/><\/figure>\n<\/div>\n\n\n\n<div class=\"wp-block-column is-layout-flow wp-container-core-column-is-layout-ef883af5 wp-block-column-is-layout-flow\">\n<div class=\"wp-block-group has-tertiary-background-color has-background has-global-padding is-layout-constrained wp-container-core-group-is-layout-0e4ecca0 wp-block-group-is-layout-constrained\" style=\"padding-top:1.5rem;padding-right:1.5rem;padding-bottom:1.5rem;padding-left:1.5rem\">\n<h3 class=\"wp-block-heading\" style=\"font-size:clamp(14px, 0.875rem + ((1vw - 3.2px) * 0.625), 20px);line-height:1.5\">Konsultationer<\/h3>\n\n\n\n<p class=\"has-small-font-size\" style=\"margin-top:8px\">Vi erbjuder expertkonsultationer f\u00f6r djupg\u00e5ende analys.<\/p>\n<\/div>\n\n\n\n<div class=\"wp-block-group has-tertiary-background-color has-background has-global-padding is-layout-constrained wp-container-core-group-is-layout-0e4ecca0 wp-block-group-is-layout-constrained\" style=\"padding-top:1.5rem;padding-right:1.5rem;padding-bottom:1.5rem;padding-left:1.5rem\">\n<h3 class=\"wp-block-heading\" style=\"font-size:clamp(14px, 0.875rem + ((1vw - 3.2px) * 0.625), 20px);line-height:1.5\">Utbildningar<\/h3>\n\n\n\n<p class=\"has-small-font-size\" style=\"margin-top:8px\">V\u00e5ra utbildningskurser ger praktisk kompetens.<\/p>\n<\/div>\n\n\n\n<div class=\"wp-block-group has-tertiary-background-color has-background has-global-padding is-layout-constrained wp-container-core-group-is-layout-0e4ecca0 wp-block-group-is-layout-constrained\" style=\"padding-top:1.5rem;padding-right:1.5rem;padding-bottom:1.5rem;padding-left:1.5rem\">\n<h3 class=\"wp-block-heading\" style=\"font-size:clamp(14px, 0.875rem + ((1vw - 3.2px) * 0.625), 20px);line-height:1.5\">Kurser Online<\/h3>\n\n\n\n<p class=\"has-small-font-size\" style=\"margin-top:8px\">L\u00e4r dig i din egen takt med v\u00e5ra onlinekurser.<\/p>\n<\/div>\n\n\n\n<div class=\"wp-block-group has-tertiary-background-color has-background has-global-padding is-layout-constrained wp-container-core-group-is-layout-0e4ecca0 wp-block-group-is-layout-constrained\" style=\"padding-top:1.5rem;padding-right:1.5rem;padding-bottom:1.5rem;padding-left:1.5rem\">\n<h3 class=\"wp-block-heading\" style=\"font-size:clamp(14px, 0.875rem + ((1vw - 3.2px) * 0.625), 20px);line-height:1.5\">R\u00e5dgivning<\/h3>\n\n\n\n<p class=\"has-small-font-size\" style=\"margin-top:8px\">Personlig r\u00e5dgivning f\u00f6r individanpassade l\u00f6sningar.<\/p>\n<\/div>\n<\/div>\n<\/div>\n<\/div>\n\n<div class=\"wp-block-group alignfull has-tertiary-background-color has-background has-global-padding is-layout-constrained wp-container-core-group-is-layout-7276a2bb wp-block-group-is-layout-constrained\" style=\"margin-top:0;margin-bottom:0;padding-top:var(--wp--preset--spacing--60);padding-right:var(--wp--preset--spacing--30);padding-bottom:var(--wp--preset--spacing--60);padding-left:var(--wp--preset--spacing--30)\">\n<div class=\"wp-block-group alignwide has-background-background-color has-background is-content-justification-space-between is-layout-flex wp-container-core-group-is-layout-4be20cc5 wp-block-group-is-layout-flex\" style=\"padding-top:var(--wp--preset--spacing--50);padding-right:var(--wp--preset--spacing--50);padding-bottom:var(--wp--preset--spacing--50);padding-left:var(--wp--preset--spacing--50)\">\n<div class=\"wp-block-group has-global-padding is-layout-constrained wp-block-group-is-layout-constrained\">\n<h2 class=\"wp-block-heading has-large-font-size\">Expertis inom r\u00e4ttspsykologi och utredning<\/h2>\n\n\n\n<p style=\"margin-top:16px\">Bli medlem och dra nytta av v\u00e5ra insikter<\/p>\n<\/div>\n\n\n\n<div class=\"wp-block-buttons is-content-justification-left is-layout-flex wp-container-core-buttons-is-layout-82056a45 wp-block-buttons-is-layout-flex\">\n<div class=\"wp-block-button is-style-outline is-style-outline--1\"><a class=\"wp-block-button__link wp-element-button\" href=\"https:\/\/malmqvistspsychology.com\/sv\/tjanster\/\">Uppt\u00e4ck mer<\/a><\/div>\n\n\n\n<div class=\"wp-block-button\"><a class=\"wp-block-button__link wp-element-button\" href=\"https:\/\/malmqvistspsychology.com\/sv\/tjanster\/\">F\u00f6rdjupa dig<\/a><\/div>\n<\/div>\n<\/div>\n<\/div>","protected":false},"excerpt":{"rendered":"<p>Enkel bokning av konsultationer och kurser online Detta avsnitt erbjuder en \u00f6versikt av tillg\u00e4ngliga verktyg. R\u00e4ttspsykologi Detta \u00e4mne introducerar dig till viktiga r\u00e4ttspsykologiska teorier. Brottsutredning Detta \u00e4mne g\u00e5r igenom komplexa utredningsmetoder. R\u00e4ttspsykiatri L\u00e4r dig om r\u00e4ttspsykiatri f\u00f6r djupare insikt och f\u00f6rst\u00e5else. Psykologi och forensiska insikter Utforska v\u00e5ra nyckeltj\u00e4nster och erbjudanden. Konsultationer Vi erbjuder expertkonsultationer f\u00f6r [&hellip;]<\/p>\n","protected":false},"author":1,"featured_media":0,"parent":0,"menu_order":0,"comment_status":"closed","ping_status":"closed","template":"no-title","meta":{"footnotes":""},"class_list":["post-22","page","type-page","status-publish","hentry"],"_links":{"self":[{"href":"https:\/\/malmqvistspsychology.com\/sv\/wp-json\/wp\/v2\/pages\/22","targetHints":{"allow":["GET"]}}],"collection":[{"href":"https:\/\/malmqvistspsychology.com\/sv\/wp-json\/wp\/v2\/pages"}],"about":[{"href":"https:\/\/malmqvistspsychology.com\/sv\/wp-json\/wp\/v2\/types\/page"}],"author":[{"embeddable":true,"href":"https:\/\/malmqvistspsychology.com\/sv\/wp-json\/wp\/v2\/users\/1"}],"replies":[{"embeddable":true,"href":"https:\/\/malmqvistspsychology.com\/sv\/wp-json\/wp\/v2\/comments?post=22"}],"version-history":[{"count":2,"href":"https:\/\/malmqvistspsychology.com\/sv\/wp-json\/wp\/v2\/pages\/22\/revisions"}],"predecessor-version":[{"id":80,"href":"https:\/\/malmqvistspsychology.com\/sv\/wp-json\/wp\/v2\/pages\/22\/revisions\/80"}],"wp:attachment":[{"href":"https:\/\/malmqvistspsychology.com\/sv\/wp-json\/wp\/v2\/media?parent=22"}],"curies":[{"name":"wp","href":"https:\/\/api.w.org\/{rel}","templated":true}]}}