{"id":23,"date":"2025-01-15T12:06:00","date_gmt":"2025-01-15T12:06:00","guid":{"rendered":"https:\/\/malmqvistspsychology.com\/tjanster\/"},"modified":"2025-11-17T04:26:34","modified_gmt":"2025-11-17T04:26:34","slug":"tjanster","status":"publish","type":"page","link":"https:\/\/malmqvistspsychology.com\/sv\/tjanster\/","title":{"rendered":"Services"},"content":{"rendered":"<div class=\"wp-block-group alignfull has-background-background-color has-background has-global-padding is-layout-constrained wp-container-core-group-is-layout-864ebe9b wp-block-group-is-layout-constrained\" style=\"margin-top:0;margin-bottom:0;padding-top:0;padding-right:0;padding-bottom:0;padding-left:0\">\n<div class=\"wp-block-cover alignfull\" style=\"padding-top:0;padding-right:var(--wp--preset--spacing--30);padding-bottom:0;padding-left:var(--wp--preset--spacing--30);min-height:50px;aspect-ratio:unset;\"><span aria-hidden=\"true\" class=\"wp-block-cover__background has-black-background-color has-background-dim-60 has-background-dim\"><\/span><img loading=\"lazy\" decoding=\"async\" width=\"1280\" height=\"853\" class=\"wp-block-cover__image-background wp-image-74\" alt=\"\" src=\"https:\/\/malmqvistspsychology.com\/wp-content\/uploads\/2025\/01\/1da360892af13fa74800664e8a3b0bd62d77e706.jpg\" data-object-fit=\"cover\" srcset=\"https:\/\/malmqvistspsychology.com\/wp-content\/uploads\/2025\/01\/1da360892af13fa74800664e8a3b0bd62d77e706.jpg 1280w, https:\/\/malmqvistspsychology.com\/wp-content\/uploads\/2025\/01\/1da360892af13fa74800664e8a3b0bd62d77e706-300x200.jpg 300w, https:\/\/malmqvistspsychology.com\/wp-content\/uploads\/2025\/01\/1da360892af13fa74800664e8a3b0bd62d77e706-1024x682.jpg 1024w, https:\/\/malmqvistspsychology.com\/wp-content\/uploads\/2025\/01\/1da360892af13fa74800664e8a3b0bd62d77e706-768x512.jpg 768w, https:\/\/malmqvistspsychology.com\/wp-content\/uploads\/2025\/01\/1da360892af13fa74800664e8a3b0bd62d77e706-600x400.jpg 600w\" sizes=\"auto, (max-width: 1280px) 100vw, 1280px\" \/><div class=\"wp-block-cover__inner-container is-layout-flow wp-block-cover-is-layout-flow\">\n<div class=\"wp-block-group has-global-padding is-layout-constrained wp-block-group-is-layout-constrained\" style=\"padding-top:var(--wp--preset--spacing--60);padding-bottom:var(--wp--preset--spacing--60)\">\n<div class=\"wp-block-columns alignwide are-vertically-aligned-center is-layout-flex wp-container-core-columns-is-layout-947c9d80 wp-block-columns-is-layout-flex\">\n<div class=\"wp-block-column is-vertically-aligned-center is-layout-flow wp-block-column-is-layout-flow\">\n<h1 class=\"wp-block-heading has-text-color has-x-large-font-size\" style=\"color:#fffffffc\">Uppt\u00e4ck nyheter f\u00f6r socialtj\u00e4nst och utbildning<\/h1>\n<\/div>\n\n\n\n<div class=\"wp-block-column is-vertically-aligned-center is-layout-flow wp-block-column-is-layout-flow\">\n<p class=\"has-text-color\" style=\"color:#fffffffc\">Senaste trenderna i r\u00e4ttspsykologi och forensik<\/p>\n<\/div>\n<\/div>\n<\/div>\n<\/div><\/div>\n<\/div>\n\n\n\n<div class=\"wp-block-group alignfull has-tertiary-background-color has-background has-global-padding is-layout-constrained wp-container-core-group-is-layout-7276a2bb wp-block-group-is-layout-constrained\" id=\"tjanster\" style=\"margin-top:0;margin-bottom:0;padding-top:var(--wp--preset--spacing--60);padding-right:var(--wp--preset--spacing--30);padding-bottom:var(--wp--preset--spacing--60);padding-left:var(--wp--preset--spacing--30)\">\n<div class=\"wp-block-group alignwide has-global-padding is-content-justification-left is-layout-constrained wp-container-core-group-is-layout-8b4c372c wp-block-group-is-layout-constrained\">\n<h2 class=\"wp-block-heading has-large-font-size\">Ut\u00f6ka expertisen inom r\u00e4ttspsykologi och kriminalteknik<\/h2>\n\n\n\n<p style=\"margin-top:16px\">Uppt\u00e4ck v\u00e5rt breda tj\u00e4nsteutbud med fokus p\u00e5 expertis och tillfredsst\u00e4llelse.<\/p>\n<\/div>\n\n\n\n<div class=\"wp-block-columns alignwide is-layout-flex wp-container-core-columns-is-layout-28f84493 wp-block-columns-is-layout-flex\">\n<div class=\"wp-block-column is-layout-flow wp-block-column-is-layout-flow\" style=\"flex-basis:80%\">\n<div class=\"wp-block-columns alignwide is-layout-flex wp-container-core-columns-is-layout-28f84493 wp-block-columns-is-layout-flex\">\n<div class=\"wp-block-column has-background-background-color has-background is-layout-flow wp-block-column-is-layout-flow\" style=\"padding-top:1.5rem;padding-right:1.5rem;padding-bottom:1.5rem;padding-left:1.5rem\">\n<h3 class=\"wp-block-heading\" style=\"font-size:clamp(14px, 0.875rem + ((1vw - 3.2px) * 0.625), 20px);line-height:1.5\">R\u00e5dgivning<\/h3>\n\n\n\n<p class=\"has-small-font-size\" style=\"margin-top:8px\">V\u00e5r r\u00e5dgivningstj\u00e4nst m\u00f6ter dina specifika behov med precision.<\/p>\n<\/div>\n\n\n\n<div class=\"wp-block-column has-background-background-color has-background is-layout-flow wp-block-column-is-layout-flow\" style=\"padding-top:1.5rem;padding-right:1.5rem;padding-bottom:1.5rem;padding-left:1.5rem\">\n<h3 class=\"wp-block-heading\" style=\"font-size:clamp(14px, 0.875rem + ((1vw - 3.2px) * 0.625), 20px);line-height:1.5\">Utbildning<\/h3>\n\n\n\n<p class=\"has-small-font-size\" style=\"margin-top:8px\">Vi erbjuder anpassade utbildningar f\u00f6r b\u00e4sta resultat.<\/p>\n<\/div>\n<\/div>\n\n\n\n<div class=\"wp-block-columns alignwide is-layout-flex wp-container-core-columns-is-layout-28f84493 wp-block-columns-is-layout-flex\">\n<div class=\"wp-block-column has-background-background-color has-background is-layout-flow wp-block-column-is-layout-flow\" style=\"padding-top:1.5rem;padding-right:1.5rem;padding-bottom:1.5rem;padding-left:1.5rem\">\n<h3 class=\"wp-block-heading\" style=\"font-size:clamp(14px, 0.875rem + ((1vw - 3.2px) * 0.625), 20px);line-height:1.5\"><a href=\"https:\/\/malmqvistspsychology.com\/sv\/bokning\/\" data-type=\"page\" data-id=\"20\">Konsultation<\/a><\/h3>\n\n\n\n<p class=\"has-small-font-size\" style=\"margin-top:8px\">F\u00e5 djupg\u00e5ende insikter med v\u00e5r tillf\u00f6rlitliga konsultation.<\/p>\n<\/div>\n\n\n\n<div class=\"wp-block-column has-background-background-color has-background is-layout-flow wp-block-column-is-layout-flow\" style=\"padding-top:1.5rem;padding-right:1.5rem;padding-bottom:1.5rem;padding-left:1.5rem\">\n<h3 class=\"wp-block-heading\" style=\"font-size:clamp(14px, 0.875rem + ((1vw - 3.2px) * 0.625), 20px);line-height:1.5\">Profilering<\/h3>\n\n\n\n<p class=\"has-small-font-size\" style=\"margin-top:8px\">V\u00e5r profileringstj\u00e4nst s\u00e4kerst\u00e4ller h\u00f6g prestanda och n\u00f6jdhet.<\/p>\n<\/div>\n<\/div>\n<\/div>\n\n\n\n<div class=\"wp-block-column is-layout-flow wp-block-column-is-layout-flow\" style=\"flex-basis:50%\">\n<figure class=\"wp-block-image\"><img loading=\"lazy\" decoding=\"async\" width=\"1280\" height=\"853\" src=\"https:\/\/malmqvistspsychology.com\/wp-content\/uploads\/2025\/01\/0e729dbe996f117a93684f88715d1a9da05ea383.jpg\" alt=\"\" class=\"wp-image-81\" style=\"aspect-ratio:1;object-fit:cover\"\/><\/figure>\n<\/div>\n<\/div>\n<\/div>\n\n\n\n<div class=\"wp-block-group alignfull has-background-background-color has-background has-global-padding is-layout-constrained wp-container-core-group-is-layout-68d5e5bb wp-block-group-is-layout-constrained\" id=\"funktioner\" style=\"margin-top:0;margin-bottom:0;padding-top:var(--wp--preset--spacing--50);padding-right:var(--wp--preset--spacing--30);padding-bottom:var(--wp--preset--spacing--60);padding-left:var(--wp--preset--spacing--30)\">\n<div class=\"wp-block-group alignwide has-global-padding is-content-justification-left is-layout-constrained wp-container-core-group-is-layout-12dd3699 wp-block-group-is-layout-constrained\">\n<h2 class=\"wp-block-heading has-large-font-size\" style=\"margin-top:12px\">Blogg och artiklar om psykologi och forensik<\/h2>\n\n\n\n<p style=\"margin-top:16px\">Kort \u00f6versikt av v\u00e5ra nyckeltj\u00e4nster.<\/p>\n<\/div>\n\n\n\n<div class=\"wp-block-columns alignwide is-layout-flex wp-container-core-columns-is-layout-08c01c1c wp-block-columns-is-layout-flex\">\n<div class=\"wp-block-column is-layout-flow wp-block-column-is-layout-flow\">\n<figure class=\"wp-block-image\"><img loading=\"lazy\" decoding=\"async\" width=\"1280\" height=\"853\" src=\"https:\/\/malmqvistspsychology.com\/wp-content\/uploads\/2025\/01\/687d4dc7c32543e3329f4895f194b172c8942d61.jpg\" alt=\"\" class=\"wp-image-79\" style=\"aspect-ratio:1;object-fit:cover\" srcset=\"https:\/\/malmqvistspsychology.com\/wp-content\/uploads\/2025\/01\/687d4dc7c32543e3329f4895f194b172c8942d61.jpg 1280w, https:\/\/malmqvistspsychology.com\/wp-content\/uploads\/2025\/01\/687d4dc7c32543e3329f4895f194b172c8942d61-300x200.jpg 300w, https:\/\/malmqvistspsychology.com\/wp-content\/uploads\/2025\/01\/687d4dc7c32543e3329f4895f194b172c8942d61-1024x682.jpg 1024w, https:\/\/malmqvistspsychology.com\/wp-content\/uploads\/2025\/01\/687d4dc7c32543e3329f4895f194b172c8942d61-768x512.jpg 768w, https:\/\/malmqvistspsychology.com\/wp-content\/uploads\/2025\/01\/687d4dc7c32543e3329f4895f194b172c8942d61-600x400.jpg 600w\" sizes=\"auto, (max-width: 1280px) 100vw, 1280px\" \/><\/figure>\n<\/div>\n\n\n\n<div class=\"wp-block-column is-layout-flow wp-container-core-column-is-layout-ef883af5 wp-block-column-is-layout-flow\">\n<div class=\"wp-block-group has-tertiary-background-color has-background has-global-padding is-layout-constrained wp-container-core-group-is-layout-0e4ecca0 wp-block-group-is-layout-constrained\" style=\"padding-top:1.5rem;padding-right:1.5rem;padding-bottom:1.5rem;padding-left:1.5rem\">\n<h3 class=\"wp-block-heading\" style=\"font-size:clamp(14px, 0.875rem + ((1vw - 3.2px) * 0.625), 20px);line-height:1.5\">Konsultation<\/h3>\n\n\n\n<p class=\"has-small-font-size\" style=\"margin-top:8px\">R\u00e5dgivning f\u00f6r brottsutredningar.<\/p>\n<\/div>\n\n\n\n<div class=\"wp-block-group has-tertiary-background-color has-background has-global-padding is-layout-constrained wp-container-core-group-is-layout-0e4ecca0 wp-block-group-is-layout-constrained\" style=\"padding-top:1.5rem;padding-right:1.5rem;padding-bottom:1.5rem;padding-left:1.5rem\">\n<h3 class=\"wp-block-heading\" style=\"font-size:clamp(14px, 0.875rem + ((1vw - 3.2px) * 0.625), 20px);line-height:1.5\">Utbildning<\/h3>\n\n\n\n<p class=\"has-small-font-size\" style=\"margin-top:8px\">Kurser i r\u00e4ttspsykologi och forensik.<\/p>\n<\/div>\n\n\n\n<div class=\"wp-block-group has-tertiary-background-color has-background has-global-padding is-layout-constrained wp-container-core-group-is-layout-0e4ecca0 wp-block-group-is-layout-constrained\" style=\"padding-top:1.5rem;padding-right:1.5rem;padding-bottom:1.5rem;padding-left:1.5rem\">\n<h3 class=\"wp-block-heading\" style=\"font-size:clamp(14px, 0.875rem + ((1vw - 3.2px) * 0.625), 20px);line-height:1.5\">Profilering<\/h3>\n\n\n\n<p class=\"has-small-font-size\" style=\"margin-top:8px\">Djupanalys av brottsprofiler.<\/p>\n<\/div>\n\n\n\n<div class=\"wp-block-group has-tertiary-background-color has-background has-global-padding is-layout-constrained wp-container-core-group-is-layout-0e4ecca0 wp-block-group-is-layout-constrained\" style=\"padding-top:1.5rem;padding-right:1.5rem;padding-bottom:1.5rem;padding-left:1.5rem\">\n<h3 class=\"wp-block-heading\" style=\"font-size:clamp(14px, 0.875rem + ((1vw - 3.2px) * 0.625), 20px);line-height:1.5\">Terapi<\/h3>\n\n\n\n<p class=\"has-small-font-size\" style=\"margin-top:8px\">Individuell och gruppterapi.<\/p>\n<\/div>\n<\/div>\n<\/div>\n<\/div>\n\n\n\n<div class=\"wp-block-group alignfull has-tertiary-background-color has-background has-global-padding is-layout-constrained wp-container-core-group-is-layout-7276a2bb wp-block-group-is-layout-constrained\" style=\"margin-top:0;margin-bottom:0;padding-top:var(--wp--preset--spacing--60);padding-right:var(--wp--preset--spacing--30);padding-bottom:var(--wp--preset--spacing--60);padding-left:var(--wp--preset--spacing--30)\">\n<div class=\"wp-block-group has-global-padding is-layout-constrained wp-block-group-is-layout-constrained\">\n<h2 class=\"wp-block-heading has-text-align-center has-large-font-size\">Djupdykning i r\u00e4ttspsykologi och brottsanalys<\/h2>\n\n\n\n<p class=\"has-text-align-center\" style=\"margin-top:16px\">Denna sektion inspirerar till handling, s\u00e5som att boka en konsultation, prenumerera p\u00e5 nyhetsbrevet eller uppt\u00e4cka v\u00e5ra expertutbildningar. Den betonar v\u00e4rdet av n\u00e4sta steg och ger tydliga anvisningar f\u00f6r att engagera sig.<\/p>\n\n\n\n<div class=\"wp-block-buttons is-content-justification-center is-layout-flex wp-container-core-buttons-is-layout-720bcce9 wp-block-buttons-is-layout-flex\">\n<div class=\"wp-block-button is-style-outline is-style-outline--1\"><a class=\"wp-block-button__link wp-element-button\" href=\"https:\/\/malmqvistspsychology.com\/sv\/kontakt\/\">Uppt\u00e4ck mer<\/a><\/div>\n\n\n\n<div class=\"wp-block-button\"><a class=\"wp-block-button__link wp-element-button\" href=\"https:\/\/malmqvistspsychology.com\/sv\/kontakt\/\">F\u00f6rdjupa dig<\/a><\/div>\n<\/div>\n<\/div>\n\n\n\n<div style=\"aspect-ratio:16\/9;min-height:unset;\" class=\"wp-block-cover alignwide has-aspect-ratio\"><span aria-hidden=\"true\" class=\"wp-block-cover__background has-background-dim-0 has-background-dim\"><\/span><img loading=\"lazy\" decoding=\"async\" width=\"1280\" height=\"1920\" class=\"wp-block-cover__image-background wp-image-82\" alt=\"\" src=\"https:\/\/malmqvistspsychology.com\/wp-content\/uploads\/2025\/01\/ce17e67bd310b3dfe93790b7b85d9ada991edde4.jpg\" data-object-fit=\"cover\" srcset=\"https:\/\/malmqvistspsychology.com\/wp-content\/uploads\/2025\/01\/ce17e67bd310b3dfe93790b7b85d9ada991edde4.jpg 1280w, https:\/\/malmqvistspsychology.com\/wp-content\/uploads\/2025\/01\/ce17e67bd310b3dfe93790b7b85d9ada991edde4-600x900.jpg 600w\" sizes=\"auto, (max-width: 1280px) 100vw, 1280px\" \/><div class=\"wp-block-cover__inner-container has-global-padding is-layout-constrained wp-block-cover-is-layout-constrained\">\n<div style=\"height:360px\" aria-hidden=\"true\" class=\"wp-block-spacer\"><\/div>\n<\/div><\/div>\n<\/div>","protected":false},"excerpt":{"rendered":"<p>Ut\u00f6ka expertisen inom r\u00e4ttspsykologi och kriminalteknik Uppt\u00e4ck v\u00e5rt breda tj\u00e4nsteutbud med fokus p\u00e5 expertis och tillfredsst\u00e4llelse. R\u00e5dgivning V\u00e5r r\u00e5dgivningstj\u00e4nst m\u00f6ter dina specifika behov med precision. Utbildning Vi erbjuder anpassade utbildningar f\u00f6r b\u00e4sta resultat. Konsultation F\u00e5 djupg\u00e5ende insikter med v\u00e5r tillf\u00f6rlitliga konsultation. Profilering V\u00e5r profileringstj\u00e4nst s\u00e4kerst\u00e4ller h\u00f6g prestanda och n\u00f6jdhet. Blogg och artiklar om psykologi och [&hellip;]<\/p>\n","protected":false},"author":1,"featured_media":0,"parent":0,"menu_order":0,"comment_status":"closed","ping_status":"closed","template":"no-title","meta":{"footnotes":""},"class_list":["post-23","page","type-page","status-publish","hentry"],"_links":{"self":[{"href":"https:\/\/malmqvistspsychology.com\/sv\/wp-json\/wp\/v2\/pages\/23","targetHints":{"allow":["GET"]}}],"collection":[{"href":"https:\/\/malmqvistspsychology.com\/sv\/wp-json\/wp\/v2\/pages"}],"about":[{"href":"https:\/\/malmqvistspsychology.com\/sv\/wp-json\/wp\/v2\/types\/page"}],"author":[{"embeddable":true,"href":"https:\/\/malmqvistspsychology.com\/sv\/wp-json\/wp\/v2\/users\/1"}],"replies":[{"embeddable":true,"href":"https:\/\/malmqvistspsychology.com\/sv\/wp-json\/wp\/v2\/comments?post=23"}],"version-history":[{"count":5,"href":"https:\/\/malmqvistspsychology.com\/sv\/wp-json\/wp\/v2\/pages\/23\/revisions"}],"predecessor-version":[{"id":264,"href":"https:\/\/malmqvistspsychology.com\/sv\/wp-json\/wp\/v2\/pages\/23\/revisions\/264"}],"wp:attachment":[{"href":"https:\/\/malmqvistspsychology.com\/sv\/wp-json\/wp\/v2\/media?parent=23"}],"curies":[{"name":"wp","href":"https:\/\/api.w.org\/{rel}","templated":true}]}}