{"id":24,"date":"2025-01-15T12:06:01","date_gmt":"2025-01-15T12:06:01","guid":{"rendered":"https:\/\/malmqvistspsychology.com\/startsida\/"},"modified":"2025-12-17T02:14:36","modified_gmt":"2025-12-17T02:14:36","slug":"startsida","status":"publish","type":"page","link":"https:\/\/malmqvistspsychology.com\/sv\/","title":{"rendered":"Startsida"},"content":{"rendered":"<div class=\"wp-block-group alignfull has-background-background-color has-background has-global-padding is-layout-constrained wp-container-core-group-is-layout-70812fb1 wp-block-group-is-layout-constrained\" style=\"margin-top:0;margin-bottom:0;padding-top:var(--wp--preset--spacing--50);padding-right:var(--wp--preset--spacing--30);padding-bottom:var(--wp--preset--spacing--60);padding-left:var(--wp--preset--spacing--30)\">\n<div class=\"wp-block-group alignwide has-global-padding is-content-justification-left is-layout-constrained wp-container-core-group-is-layout-17af7ffb wp-block-group-is-layout-constrained\">\n<h1 class=\"wp-block-heading has-text-align-center\" style=\"margin-top:12px\">\ud835\udc0c\ud835\udc00\ud835\udc0b\ud835\udc0c\ud835\udc10\ud835\udc15\ud835\udc08\ud835\udc12\ud835\udc13\u2019\ud835\udc12 \ud835\udc0f\ud835\udc12\ud835\udc18\ud835\udc02\ud835\udc07\ud835\udc0e\ud835\udc0b\ud835\udc0e\ud835\udc06\ud835\udc18 \ud835\udc00\ud835\udc0d\ud835\udc03 \ud835\udc05\ud835\udc0e\ud835\udc11\ud835\udc04\ud835\udc0d\ud835\udc12\ud835\udc08\ud835\udc02\ud835\udc12<\/h1>\n<\/div>\n\n\n\n<div class=\"wp-block-columns alignwide is-layout-flex wp-container-core-columns-is-layout-13e2ef3f wp-block-columns-is-layout-flex\">\n<div class=\"wp-block-column is-layout-flow wp-container-core-column-is-layout-8eebadab wp-block-column-is-layout-flow\">\n<figure class=\"wp-block-image\"><img loading=\"lazy\" decoding=\"async\" width=\"1280\" height=\"853\" src=\"https:\/\/malmqvistspsychology.com\/wp-content\/uploads\/2025\/01\/936bd2b9137300b2c370d91975ba986ff81bb3da.jpg\" alt=\"\" class=\"wp-image-84\" style=\"aspect-ratio:16\/9;object-fit:cover\" srcset=\"https:\/\/malmqvistspsychology.com\/wp-content\/uploads\/2025\/01\/936bd2b9137300b2c370d91975ba986ff81bb3da.jpg 1280w, https:\/\/malmqvistspsychology.com\/wp-content\/uploads\/2025\/01\/936bd2b9137300b2c370d91975ba986ff81bb3da-600x400.jpg 600w, https:\/\/malmqvistspsychology.com\/wp-content\/uploads\/2025\/01\/936bd2b9137300b2c370d91975ba986ff81bb3da-300x200.jpg 300w, https:\/\/malmqvistspsychology.com\/wp-content\/uploads\/2025\/01\/936bd2b9137300b2c370d91975ba986ff81bb3da-1024x682.jpg 1024w, https:\/\/malmqvistspsychology.com\/wp-content\/uploads\/2025\/01\/936bd2b9137300b2c370d91975ba986ff81bb3da-768x512.jpg 768w\" sizes=\"auto, (max-width: 1280px) 100vw, 1280px\" \/><\/figure>\n\n\n\n<figure class=\"wp-block-image size-full\"><img loading=\"lazy\" decoding=\"async\" width=\"1024\" height=\"1024\" src=\"https:\/\/malmqvistspsychology.com\/wp-content\/uploads\/2025\/06\/BF48C1B7-035D-4EA9-B4DC-7E8929824240.png\" alt=\"\" class=\"wp-image-207\" style=\"aspect-ratio:1;object-fit:cover\" srcset=\"https:\/\/malmqvistspsychology.com\/wp-content\/uploads\/2025\/06\/BF48C1B7-035D-4EA9-B4DC-7E8929824240.png 1024w, https:\/\/malmqvistspsychology.com\/wp-content\/uploads\/2025\/06\/BF48C1B7-035D-4EA9-B4DC-7E8929824240-300x300.png 300w, https:\/\/malmqvistspsychology.com\/wp-content\/uploads\/2025\/06\/BF48C1B7-035D-4EA9-B4DC-7E8929824240-150x150.png 150w, https:\/\/malmqvistspsychology.com\/wp-content\/uploads\/2025\/06\/BF48C1B7-035D-4EA9-B4DC-7E8929824240-768x768.png 768w, https:\/\/malmqvistspsychology.com\/wp-content\/uploads\/2025\/06\/BF48C1B7-035D-4EA9-B4DC-7E8929824240-12x12.png 12w, https:\/\/malmqvistspsychology.com\/wp-content\/uploads\/2025\/06\/BF48C1B7-035D-4EA9-B4DC-7E8929824240-600x600.png 600w, https:\/\/malmqvistspsychology.com\/wp-content\/uploads\/2025\/06\/BF48C1B7-035D-4EA9-B4DC-7E8929824240-100x100.png 100w\" sizes=\"auto, (max-width: 1024px) 100vw, 1024px\" \/><\/figure>\n<\/div>\n\n\n\n<div class=\"wp-block-column is-layout-flow wp-container-core-column-is-layout-8eebadab wp-block-column-is-layout-flow\">\n<figure class=\"wp-block-image size-large\"><img loading=\"lazy\" decoding=\"async\" width=\"683\" height=\"1024\" src=\"https:\/\/malmqvistspsychology.com\/wp-content\/uploads\/2025\/01\/featured-image-4-683x1024.jpg\" alt=\"\" class=\"wp-image-34\" style=\"aspect-ratio:1;object-fit:cover\" srcset=\"https:\/\/malmqvistspsychology.com\/wp-content\/uploads\/2025\/01\/featured-image-4-683x1024.jpg 683w, https:\/\/malmqvistspsychology.com\/wp-content\/uploads\/2025\/01\/featured-image-4-200x300.jpg 200w, https:\/\/malmqvistspsychology.com\/wp-content\/uploads\/2025\/01\/featured-image-4-768x1152.jpg 768w, https:\/\/malmqvistspsychology.com\/wp-content\/uploads\/2025\/01\/featured-image-4-1024x1536.jpg 1024w, https:\/\/malmqvistspsychology.com\/wp-content\/uploads\/2025\/01\/featured-image-4-1365x2048.jpg 1365w, https:\/\/malmqvistspsychology.com\/wp-content\/uploads\/2025\/01\/featured-image-4-600x900.jpg 600w, https:\/\/malmqvistspsychology.com\/wp-content\/uploads\/2025\/01\/featured-image-4.jpg 1470w\" sizes=\"auto, (max-width: 683px) 100vw, 683px\" \/><\/figure>\n\n\n\n<figure class=\"wp-block-image\"><img loading=\"lazy\" decoding=\"async\" width=\"1280\" height=\"853\" src=\"https:\/\/malmqvistspsychology.com\/wp-content\/uploads\/2025\/01\/0e729dbe996f117a93684f88715d1a9da05ea383.jpg\" alt=\"\" class=\"wp-image-81\" style=\"aspect-ratio:16\/9;object-fit:cover\"\/><\/figure>\n<\/div>\n<\/div>\n\n\n\n<div class=\"wp-block-group alignwide has-global-padding is-content-justification-left is-layout-constrained wp-container-core-group-is-layout-17af7ffb wp-block-group-is-layout-constrained\">\n<p style=\"margin-top:16px\">Discover expertise in psychology and forensics that enhances your professional development.<br><\/p>\n\n\n\n<div class=\"wp-block-buttons is-layout-flex wp-container-core-buttons-is-layout-cb674176 wp-block-buttons-is-layout-flex\" style=\"margin-top:var(--wp--preset--spacing--30)\">\n<div class=\"wp-block-button is-style-outline is-style-outline--1\"><a class=\"wp-block-button__link wp-element-button\" href=\"https:\/\/malmqvistspsychology.com\/sv\/resurser\/\">Explore more<\/a><\/div>\n<\/div>\n<\/div>\n<\/div>\n\n\n\n<div class=\"wp-block-group alignfull has-tertiary-background-color has-background has-global-padding is-layout-constrained wp-container-core-group-is-layout-7276a2bb wp-block-group-is-layout-constrained\" id=\"om\" style=\"margin-top:0;margin-bottom:0;padding-top:var(--wp--preset--spacing--60);padding-right:var(--wp--preset--spacing--30);padding-bottom:var(--wp--preset--spacing--60);padding-left:var(--wp--preset--spacing--30)\">\n<div class=\"wp-block-columns alignwide is-layout-flex wp-container-core-columns-is-layout-47c06fe3 wp-block-columns-is-layout-flex\">\n<div class=\"wp-block-column is-layout-flow wp-block-column-is-layout-flow\" style=\"flex-basis:50%\">\n<h2 class=\"wp-block-heading has-text-align-left has-large-font-size\">Insikter inom r\u00e4ttspsykologi och brottsutredningar<\/h2>\n<\/div>\n\n\n\n<div class=\"wp-block-column is-layout-flow wp-container-core-column-is-layout-f5bb311e wp-block-column-is-layout-flow\" style=\"flex-basis:50%\">\n<p>Denna sektion beskriver Malmqvist&#8217;s Psychology &amp; Forensics uppdrag och v\u00e4rderingar, med fokus p\u00e5 att erbjuda expertis inom r\u00e4ttspsykologi och forensik.<\/p>\n\n\n\n<p>H\u00e4r presenterar vi v\u00e5ra tj\u00e4nster, inklusive utbildningar och konsultationer, med fokus p\u00e5 expertis och tillf\u00f6rlitlighet.<\/p>\n<\/div>\n<\/div>\n<\/div>\n\n\n\n<div class=\"wp-block-group alignfull has-background-background-color has-background has-global-padding is-layout-constrained wp-container-core-group-is-layout-7276a2bb wp-block-group-is-layout-constrained\" id=\"tjanster\" style=\"margin-top:0;margin-bottom:0;padding-top:var(--wp--preset--spacing--60);padding-right:var(--wp--preset--spacing--30);padding-bottom:var(--wp--preset--spacing--60);padding-left:var(--wp--preset--spacing--30)\">\n<div class=\"wp-block-group alignwide has-global-padding is-content-justification-left is-layout-constrained wp-container-core-group-is-layout-8b4c372c wp-block-group-is-layout-constrained\">\n<h2 class=\"wp-block-heading has-large-font-size\">Insight into Psychological Crime Analysis<\/h2>\n\n\n\n<p style=\"margin-top:16px\">Discover our range of services with a focus on quality and customer satisfaction.<\/p>\n<\/div>\n\n\n\n<div class=\"wp-block-columns alignwide are-vertically-aligned-top is-layout-flex wp-container-core-columns-is-layout-08c01c1c wp-block-columns-is-layout-flex\">\n<div class=\"wp-block-column is-vertically-aligned-top is-layout-flow wp-block-column-is-layout-flow\">\n<div class=\"wp-block-group has-global-padding is-layout-constrained wp-block-group-is-layout-constrained\">\n<h3 class=\"wp-block-heading\" style=\"font-size:clamp(14px, 0.875rem + ((1vw - 3.2px) * 0.625), 20px);line-height:1.5\">Forensic Psychology Education<\/h3>\n\n\n\n<p class=\"has-small-font-size\" style=\"margin-top:8px\">Contact us for more information.<\/p>\n<\/div>\n\n\n\n<div class=\"wp-block-group has-global-padding is-layout-constrained wp-block-group-is-layout-constrained\">\n<h3 class=\"wp-block-heading\" style=\"font-size:clamp(14px, 0.875rem + ((1vw - 3.2px) * 0.625), 20px);line-height:1.5\">Forensic Consultation<\/h3>\n\n\n\n<p class=\"has-small-font-size\" style=\"margin-top:8px\">Case Analysis &amp; Behavioral Profiling<br>Reviewing the psychological aspects of a criminal case (e.g., offender behavior, motives, mental health concerns).<\/p>\n\n\n\n<p><strong>Expert Opinion for Legal Proceedings<\/strong><br>Providing psychological insight on issues like competency, trauma, risk assessment, or credibility of witnesses.<\/p>\n\n\n\n<p><strong>Violence Risk Assessments<\/strong><br>Evaluating the likelihood of future violence or dangerous behavior, often for legal or protective purposes.<\/p>\n\n\n\n<p><strong>Support in Interviewing Techniques<\/strong><br>Guiding law enforcement or professionals on trauma-informed or investigative interviewing methods.<\/p>\n\n\n\n<p class=\"has-small-font-size\" style=\"margin-top:8px\"><strong>Assessment of Psychological Evidence<\/strong><br>Interpreting psychological reports, diagnoses, or behavioral patterns relevant to court cases or investigations..<\/p>\n<\/div>\n\n\n\n<div class=\"wp-block-group has-global-padding is-layout-constrained wp-block-group-is-layout-constrained\">\n<p class=\"has-small-font-size\" style=\"margin-top:8px\"><\/p>\n<\/div>\n<\/div>\n\n\n\n<div class=\"wp-block-column is-vertically-aligned-top is-layout-flow wp-block-column-is-layout-flow\">\n<figure class=\"wp-block-gallery has-nested-images columns-default is-cropped wp-block-gallery-2 is-layout-flex wp-block-gallery-is-layout-flex\">\n<figure class=\"wp-block-image size-full ext-aspect-landscape\"><img loading=\"lazy\" decoding=\"async\" width=\"1024\" height=\"1024\" data-id=\"185\" src=\"https:\/\/malmqvistspsychology.com\/wp-content\/uploads\/2025\/05\/012B1731-1255-46EA-A633-F2C4AB1E8B75-1.png\" alt=\"\" class=\"wp-image-185\" srcset=\"https:\/\/malmqvistspsychology.com\/wp-content\/uploads\/2025\/05\/012B1731-1255-46EA-A633-F2C4AB1E8B75-1.png 1024w, https:\/\/malmqvistspsychology.com\/wp-content\/uploads\/2025\/05\/012B1731-1255-46EA-A633-F2C4AB1E8B75-1-300x300.png 300w, https:\/\/malmqvistspsychology.com\/wp-content\/uploads\/2025\/05\/012B1731-1255-46EA-A633-F2C4AB1E8B75-1-150x150.png 150w\" sizes=\"auto, (max-width: 1024px) 100vw, 1024px\" \/><\/figure>\n<\/figure>\n<\/div>\n<\/div>\n<\/div>\n\n\n\n<div class=\"wp-block-group alignfull has-tertiary-background-color has-background has-global-padding is-layout-constrained wp-container-core-group-is-layout-28549256 wp-block-group-is-layout-constrained\" id=\"blogg\" style=\"margin-top:0;margin-bottom:0;padding-top:var(--wp--preset--spacing--60);padding-right:var(--wp--preset--spacing--30);padding-bottom:var(--wp--preset--spacing--60);padding-left:var(--wp--preset--spacing--30)\">\n<div class=\"wp-block-columns alignwide is-layout-flex wp-container-core-columns-is-layout-28f84493 wp-block-columns-is-layout-flex\">\n<div class=\"wp-block-column is-layout-flow wp-block-column-is-layout-flow\" style=\"flex-basis:33.33%\">\n<h2 class=\"wp-block-heading has-large-font-size\">News &amp; Articles<\/h2>\n\n\n\n<p style=\"margin-top:16px\">by Malmqvist\u2019s Psychology &amp; Forensics<\/p>\n<\/div>\n\n\n\n<div class=\"wp-block-column is-layout-flow wp-container-core-column-is-layout-22223934 wp-block-column-is-layout-flow\" style=\"flex-basis:66.66%\">\n<div data-wp-context=\"{}\" data-wp-interactive=\"core\/query\" data-wp-key=\"10\" data-wp-router-region=\"query-10\" class=\"wp-block-query alignwide is-layout-flow wp-block-query-is-layout-flow\">\n\n<div class=\"wp-block-query-no-results\">\n\n<p><\/p>\n\n<\/div><\/div>\n<\/div>\n<\/div>\n<\/div>\n\n\n\n<div class=\"wp-block-group alignfull has-background-background-color has-background has-global-padding is-layout-constrained wp-container-core-group-is-layout-7276a2bb wp-block-group-is-layout-constrained\" id=\"kontakt\" style=\"margin-top:0;margin-bottom:0;padding-top:var(--wp--preset--spacing--60);padding-right:var(--wp--preset--spacing--30);padding-bottom:var(--wp--preset--spacing--60);padding-left:var(--wp--preset--spacing--30)\">\n<div class=\"wp-block-group has-global-padding is-layout-constrained wp-block-group-is-layout-constrained\" style=\"margin-bottom:var(--wp--preset--spacing--40)\">\n<h2 class=\"wp-block-heading has-text-align-center has-large-font-size\">Contact us<\/h2>\n\n\n\n<p class=\"has-text-align-center\" style=\"margin-top:1rem\">All inquiries will be responded within 1-2 business days.<\/p>\n<\/div>\n\n\n\n<div class=\"wp-block-contact-form-7-contact-form-selector\">\n<div class=\"wpcf7 no-js\" id=\"wpcf7-f18-o1\" lang=\"sv-SE\" dir=\"ltr\" data-wpcf7-id=\"18\">\n<div class=\"screen-reader-response\"><p role=\"status\" aria-live=\"polite\" aria-atomic=\"true\"><\/p> <ul><\/ul><\/div>\n<form action=\"\/sv\/wp-json\/wp\/v2\/pages\/24#wpcf7-f18-o1\" method=\"post\" class=\"wpcf7-form init\" aria-label=\"Kontaktformul\u00e4r\" novalidate=\"novalidate\" data-status=\"init\" data-trp-original-action=\"\/sv\/wp-json\/wp\/v2\/pages\/24#wpcf7-f18-o1\">\n<fieldset class=\"hidden-fields-container\"><input type=\"hidden\" name=\"_wpcf7\" value=\"18\" \/><input type=\"hidden\" name=\"_wpcf7_version\" value=\"6.1.5\" \/><input type=\"hidden\" name=\"_wpcf7_locale\" value=\"sv_SE\" \/><input type=\"hidden\" name=\"_wpcf7_unit_tag\" value=\"wpcf7-f18-o1\" \/><input type=\"hidden\" name=\"_wpcf7_container_post\" value=\"0\" \/><input type=\"hidden\" name=\"_wpcf7_posted_data_hash\" value=\"\" \/>\n<\/fieldset>\n<p><label> Name<br \/>\n<span class=\"wpcf7-form-control-wrap\" data-name=\"your-name\"><input size=\"40\" maxlength=\"400\" class=\"wpcf7-form-control wpcf7-text wpcf7-validates-as-required\" autocomplete=\"name\" aria-required=\"true\" aria-invalid=\"false\" value=\"\" type=\"text\" name=\"your-name\" \/><\/span> <\/label>\n<\/p>\n<p><label> Email<br \/>\n<span class=\"wpcf7-form-control-wrap\" data-name=\"your-email\"><input size=\"40\" maxlength=\"400\" class=\"wpcf7-form-control wpcf7-email wpcf7-validates-as-required wpcf7-text wpcf7-validates-as-email\" autocomplete=\"email\" aria-required=\"true\" aria-invalid=\"false\" value=\"\" type=\"email\" name=\"your-email\" \/><\/span> <\/label>\n<\/p>\n<p><label> Subject<br \/>\n<span class=\"wpcf7-form-control-wrap\" data-name=\"your-subject\"><input size=\"40\" maxlength=\"400\" class=\"wpcf7-form-control wpcf7-text wpcf7-validates-as-required\" aria-required=\"true\" aria-invalid=\"false\" value=\"\" type=\"text\" name=\"your-subject\" \/><\/span> <\/label>\n<\/p>\n<p><label> Your message<br \/>\n<span class=\"wpcf7-form-control-wrap\" data-name=\"your-message\"><textarea cols=\"40\" rows=\"10\" maxlength=\"2000\" class=\"wpcf7-form-control wpcf7-textarea\" aria-invalid=\"false\" name=\"your-message\"><\/textarea><\/span> <\/label>\n<\/p>\n<p><input class=\"wpcf7-form-control wpcf7-submit has-spinner\" type=\"submit\" value=\"Send\" \/>\n<\/p><div class=\"wpcf7-response-output\" aria-hidden=\"true\"><\/div>\n<input type=\"hidden\" name=\"trp-form-language\" value=\"sv\"\/><\/form>\n<\/div>\n<\/div>\n<\/div>\n\n\n\n<div class=\"wp-block-group alignfull has-tertiary-background-color has-background has-global-padding is-layout-constrained wp-container-core-group-is-layout-7276a2bb wp-block-group-is-layout-constrained\" style=\"margin-top:0;margin-bottom:0;padding-top:var(--wp--preset--spacing--60);padding-right:var(--wp--preset--spacing--30);padding-bottom:var(--wp--preset--spacing--60);padding-left:var(--wp--preset--spacing--30)\">\n<div class=\"wp-block-columns alignwide are-vertically-aligned-center is-layout-flex wp-container-core-columns-is-layout-08c01c1c wp-block-columns-is-layout-flex\">\n<div class=\"wp-block-column is-vertically-aligned-center is-layout-flow wp-block-column-is-layout-flow\">\n<h2 class=\"wp-block-heading has-large-font-size\">Book Online Appointments<\/h2>\n\n\n\n<p style=\"margin-top:16px\">Forensic Case Consultation \u00b7 Risk Assessment Advisory Session \u00b7 Custom Training &amp; Workshops \u00b7 Psychological Profiling Consultation \u00b7 Trauma &amp; Healing Insight Session \u00b7 Crime Victim Support Consultation \u00b7 Career &amp; Study Guidance in Psychology &amp; Criminology \u00b7 Introductory Psychology Session \u00b7&nbsp;<br>.<\/p>\n\n\n\n<div class=\"wp-block-buttons is-layout-flex wp-block-buttons-is-layout-flex\" style=\"margin-top:var(--wp--preset--spacing--40)\">\n<div class=\"wp-block-button\"><a class=\"wp-block-button__link wp-element-button\" href=\"https:\/\/malmqvistspsychology.com\/sv\/bokning\/\">Explore more<\/a><\/div>\n<\/div>\n<\/div>\n\n\n\n<div class=\"wp-block-column is-vertically-aligned-center is-layout-flow wp-block-column-is-layout-flow\">\n<div class=\"wp-block-cover has-custom-content-position is-position-bottom-left\" style=\"border-radius:4px;padding-top:var(--wp--preset--spacing--40);padding-right:var(--wp--preset--spacing--30);padding-bottom:var(--wp--preset--spacing--30);padding-left:var(--wp--preset--spacing--30);min-height:100%;aspect-ratio:unset;\"><img loading=\"lazy\" decoding=\"async\" width=\"1280\" height=\"853\" class=\"wp-block-cover__image-background wp-image-84\" alt=\"\" src=\"https:\/\/malmqvistspsychology.com\/wp-content\/uploads\/2025\/01\/936bd2b9137300b2c370d91975ba986ff81bb3da.jpg\" data-object-fit=\"cover\" srcset=\"https:\/\/malmqvistspsychology.com\/wp-content\/uploads\/2025\/01\/936bd2b9137300b2c370d91975ba986ff81bb3da.jpg 1280w, https:\/\/malmqvistspsychology.com\/wp-content\/uploads\/2025\/01\/936bd2b9137300b2c370d91975ba986ff81bb3da-600x400.jpg 600w, https:\/\/malmqvistspsychology.com\/wp-content\/uploads\/2025\/01\/936bd2b9137300b2c370d91975ba986ff81bb3da-300x200.jpg 300w, https:\/\/malmqvistspsychology.com\/wp-content\/uploads\/2025\/01\/936bd2b9137300b2c370d91975ba986ff81bb3da-1024x682.jpg 1024w, https:\/\/malmqvistspsychology.com\/wp-content\/uploads\/2025\/01\/936bd2b9137300b2c370d91975ba986ff81bb3da-768x512.jpg 768w\" sizes=\"auto, (max-width: 1280px) 100vw, 1280px\" \/><span aria-hidden=\"true\" class=\"wp-block-cover__background has-background-dim\"><\/span><div class=\"wp-block-cover__inner-container is-layout-flow wp-block-cover-is-layout-flow\">\n<div style=\"height:75px\" aria-hidden=\"true\" class=\"wp-block-spacer\"><\/div>\n\n\n\n<div class=\"wp-block-group has-global-padding is-layout-constrained wp-block-group-is-layout-constrained\">\n<p style=\"font-size:clamp(1.119rem, 1.119rem + ((1vw - 0.2rem) * 1.052), 1.75rem);font-style:normal;font-weight:500;line-height:1.3\">Book a consultation below!<br><\/p>\n\n\n\n<p>Can\u2019t find a suitable time? Contact us.<\/p>\n\n\n\n<h4 class=\"wp-block-heading has-text-align-left has-small-font-size\">  <iframe src=\"https:\/\/malmqvistspsychology.com\/sv\/wp-json\/ssa\/v1\/embed-inner?integration&type=konsultation-for-brottsoffer-telefonsamtal&label&types=1&edit&view&payment_provider&ssa_locale=sv_SE&ssa_is_rtl&sid=bd7d3d7fb2e67f93892882399862260b40ac5617&availability_start_date&availability_end_date&suggest_first_available&suggest_first_available_within_minutes&flow&fallback_flow&time_view&date_view&appointment_types_view&version&accent_color&background&padding&font&booking_url=https%3A%2F%2Fmalmqvistspsychology.com%2Fsv%2F&booking_post_id=24&booking_title=Startsida&_wpnonce=36f74bceed&redirect_post_id&mepr_membership_id#\/\" height=\"400px\" width=\"100%\" name=\"ssa_booking\" loading=\"eager\" frameborder=\"0\" data-skip-lazy=\"1\" class=\"ssa_booking_iframe skip-lazy\" title=\"Book a time\"><\/iframe><\/h4>\n\n\n\n<p class=\"has-text-align-left has-small-font-size\" style=\"margin-top:2px\"><\/p>\n<\/div>\n<\/div><\/div>\n<\/div>\n<\/div>\n<\/div>\n\n\n\n<p><\/p>","protected":false},"excerpt":{"rendered":"<p>\ud835\udc0c\ud835\udc00\ud835\udc0b\ud835\udc0c\ud835\udc10\ud835\udc15\ud835\udc08\ud835\udc12\ud835\udc13\u2019\ud835\udc12 \ud835\udc0f\ud835\udc12\ud835\udc18\ud835\udc02\ud835\udc07\ud835\udc0e\ud835\udc0b\ud835\udc0e\ud835\udc06\ud835\udc18 \ud835\udc00\ud835\udc0d\ud835\udc03 \ud835\udc05\ud835\udc0e\ud835\udc11\ud835\udc04\ud835\udc0d\ud835\udc12\ud835\udc08\ud835\udc02\ud835\udc12 Discover expertise in psychology and forensics that enhances your professional development. Insikter inom r\u00e4ttspsykologi och brottsutredningar Denna sektion beskriver Malmqvist&#8217;s Psychology &amp; Forensics uppdrag och v\u00e4rderingar, med fokus p\u00e5 att erbjuda expertis inom r\u00e4ttspsykologi och forensik. H\u00e4r presenterar vi v\u00e5ra tj\u00e4nster, inklusive utbildningar och konsultationer, med fokus p\u00e5 expertis och tillf\u00f6rlitlighet. [&hellip;]<\/p>\n","protected":false},"author":1,"featured_media":0,"parent":0,"menu_order":0,"comment_status":"closed","ping_status":"closed","template":"no-title","meta":{"footnotes":""},"class_list":["post-24","page","type-page","status-publish","hentry"],"_links":{"self":[{"href":"https:\/\/malmqvistspsychology.com\/sv\/wp-json\/wp\/v2\/pages\/24","targetHints":{"allow":["GET"]}}],"collection":[{"href":"https:\/\/malmqvistspsychology.com\/sv\/wp-json\/wp\/v2\/pages"}],"about":[{"href":"https:\/\/malmqvistspsychology.com\/sv\/wp-json\/wp\/v2\/types\/page"}],"author":[{"embeddable":true,"href":"https:\/\/malmqvistspsychology.com\/sv\/wp-json\/wp\/v2\/users\/1"}],"replies":[{"embeddable":true,"href":"https:\/\/malmqvistspsychology.com\/sv\/wp-json\/wp\/v2\/comments?post=24"}],"version-history":[{"count":24,"href":"https:\/\/malmqvistspsychology.com\/sv\/wp-json\/wp\/v2\/pages\/24\/revisions"}],"predecessor-version":[{"id":288,"href":"https:\/\/malmqvistspsychology.com\/sv\/wp-json\/wp\/v2\/pages\/24\/revisions\/288"}],"wp:attachment":[{"href":"https:\/\/malmqvistspsychology.com\/sv\/wp-json\/wp\/v2\/media?parent=24"}],"curies":[{"name":"wp","href":"https:\/\/api.w.org\/{rel}","templated":true}]}}