{"id":199,"date":"2025-06-06T18:00:26","date_gmt":"2025-06-06T18:00:26","guid":{"rendered":"https:\/\/malmqvistspsychology.com\/?post_type=product&#038;p=199"},"modified":"2025-12-15T13:18:23","modified_gmt":"2025-12-15T13:18:23","slug":"samtalsterapi-online-talk-therapy-online-3-session-bundle","status":"publish","type":"product","link":"https:\/\/malmqvistspsychology.com\/sv\/produkt\/samtalsterapi-online-talk-therapy-online-3-session-bundle\/","title":{"rendered":"Samtalsterapi Online \/ Talk Therapy Online (3-Session Bundle)"},"content":{"rendered":"<blockquote><p>Do you need someone to talk to? This 45-minute talk therapy session offers a safe and supportive space where you can explore your thoughts, emotions, and experiences at your own pace. Whether you\u2019re dealing with stress, relationship issues, anxiety, grief, or simply seeking personal growth, the session is tailored to what matters most to you.<\/p><\/blockquote>\n<p>All sessions are conducted remotely, giving you the flexibility and comfort to talk from your own space.<\/p>\n<p>The goal is for you to feel heard, understood, and empowered \u2014 with practical tools and insights to help you navigate everyday life.<\/p>\n<p>This session can also be booked in combination with a mapping session (initial consultation) for a more structured and personalized therapeutic plan.<\/p>\n<p>This service is open to anyone, whether you\u2019re facing a difficult time or just want to connect more deeply with yourself.<\/p>\n<p>&nbsp;<\/p>\n<p>K\u00e4nner du att du beh\u00f6ver n\u00e5gon att prata med? Under en 45-minuters samtalsterapi f\u00e5r du m\u00f6jlighet att s\u00e4tta ord p\u00e5 tankar, k\u00e4nslor och upplevelser i en trygg och st\u00f6djande milj\u00f6. Vi fokuserar p\u00e5 det som \u00e4r viktigt f\u00f6r dig \u2013 oavsett om det handlar om stress, relationsproblem, sorg, \u00e5ngest eller personlig utveckling.<\/p>\n<p>Samtalen anpassas efter dina behov och m\u00e5l. M\u00e5let \u00e4r att du ska k\u00e4nna dig lyssnad p\u00e5, f\u00f6rst\u00e5dd och f\u00e5 med dig nya insikter och verktyg f\u00f6r att hantera vardagen. Samtalet kan \u00e4ven bokas i kombination med ett kartl\u00e4ggningssamtal f\u00f6r att skapa en mer strukturerad och individanpassad plan utifr\u00e5n dina behov och m\u00e5l.<\/p>\n<p>Tj\u00e4nsten \u00e4r \u00f6ppen f\u00f6r alla, oavsett om du befinner dig i en sv\u00e5r livssituation eller bara vill l\u00e4ra k\u00e4nna dig sj\u00e4lv b\u00e4ttre.<\/p>","protected":false},"excerpt":{"rendered":"<p>Do you need someone to talk to? This 45-minute talk therapy session offers a safe and supportive space where you can explore your thoughts, emotions, and experiences at your own pace. Whether you\u2019re dealing with stress, relationship issues, anxiety, grief, or simply seeking personal growth, the session is tailored to what matters most to you. [&hellip;]<\/p>\n","protected":false},"featured_media":201,"comment_status":"open","ping_status":"closed","template":"","meta":[],"product_brand":[],"product_cat":[27],"product_tag":[],"class_list":{"0":"post-199","1":"product","2":"type-product","3":"status-publish","4":"has-post-thumbnail","6":"product_cat-samtalsterapi-talk-therapy","8":"first","9":"outofstock","10":"taxable","11":"shipping-taxable","12":"purchasable","13":"product-type-simple"},"_links":{"self":[{"href":"https:\/\/malmqvistspsychology.com\/sv\/wp-json\/wp\/v2\/product\/199","targetHints":{"allow":["GET"]}}],"collection":[{"href":"https:\/\/malmqvistspsychology.com\/sv\/wp-json\/wp\/v2\/product"}],"about":[{"href":"https:\/\/malmqvistspsychology.com\/sv\/wp-json\/wp\/v2\/types\/product"}],"replies":[{"embeddable":true,"href":"https:\/\/malmqvistspsychology.com\/sv\/wp-json\/wp\/v2\/comments?post=199"}],"wp:featuredmedia":[{"embeddable":true,"href":"https:\/\/malmqvistspsychology.com\/sv\/wp-json\/wp\/v2\/media\/201"}],"wp:attachment":[{"href":"https:\/\/malmqvistspsychology.com\/sv\/wp-json\/wp\/v2\/media?parent=199"}],"wp:term":[{"taxonomy":"product_brand","embeddable":true,"href":"https:\/\/malmqvistspsychology.com\/sv\/wp-json\/wp\/v2\/product_brand?post=199"},{"taxonomy":"product_cat","embeddable":true,"href":"https:\/\/malmqvistspsychology.com\/sv\/wp-json\/wp\/v2\/product_cat?post=199"},{"taxonomy":"product_tag","embeddable":true,"href":"https:\/\/malmqvistspsychology.com\/sv\/wp-json\/wp\/v2\/product_tag?post=199"}],"curies":[{"name":"wp","href":"https:\/\/api.w.org\/{rel}","templated":true}]}}